{"id":605,"date":"2025-11-06T12:12:17","date_gmt":"2025-11-06T12:12:17","guid":{"rendered":"https:\/\/prodectools.com\/usa\/our-code-of-ethics\/"},"modified":"2026-03-30T14:34:14","modified_gmt":"2026-03-30T14:34:14","slug":"our-code-of-ethics","status":"publish","type":"page","link":"https:\/\/prodectools.com\/usa\/es\/our-code-of-ethics\/","title":{"rendered":"Nuestro C\u00f3digo de \u00c9tica"},"content":{"rendered":"<p>El abastecimiento responsable no es solo un tr\u00e1mite, es una decisi\u00f3n consciente y algo que debe tomarse en serio.<\/p>\n<h3>SEDEX<\/h3>\n<p>Rodo es miembro de Sedex, una organizaci\u00f3n dedicada a mejorar las condiciones laborales en todo el mundo. No solo visitamos de forma independiente a nuestros proveedores para comprobar que las f\u00e1bricas sean seguras, que los empleados reciban un trato justo y una remuneraci\u00f3n equitativa: nuestra propia planta en el Reino Unido se somete a auditor\u00edas para la tranquilidad de nuestros clientes.<\/p>\n<h3>En el terreno<\/h3>\n<p>En materia de abastecimiento, es importante saber con qui\u00e9n se trata, y eso va m\u00e1s all\u00e1 de un producto y una direcci\u00f3n de correo electr\u00f3nico. Nuestro equipo de abastecimiento visita regularmente a nuestros proveedores actuales, y antes de decidir trabajar con un nuevo proveedor, siempre visitamos su f\u00e1brica \u2014sin importar la distancia ni el tiempo que lleve llegar\u2014 para realizar nuestras propias comprobaciones y asegurarnos de que comparten nuestros valores de honestidad, integridad y equidad.<\/p>\n<h3>Pol\u00edtica de Cumplimiento Social<\/h3>\n<p>Nuestro enfoque consiste en trabajar estrechamente con nuestros clientes y proveedores para garantizar la m\u00e1xima calidad y satisfacci\u00f3n en nuestros productos y servicios.<\/p>\n<p>Nos comprometemos a:<\/p>\n<ul>\n<li>Trabajar con dedicaci\u00f3n e innovaci\u00f3n, con un enfoque total en nuestros clientes.<\/li>\n<li>Actuar con integridad, honestidad y sinceridad, siguiendo est\u00e1ndares \u00e9ticos y morales.<\/li>\n<li>Fomentar una cultura laboral que promueva el crecimiento individual, el esp\u00edritu de equipo y la inversi\u00f3n para superar desaf\u00edos y alcanzar metas.<\/li>\n<li>Crecer junto con nuestros clientes, proveedores y colegas.<\/li>\n<\/ul>\n<p>Para lograrlo, hemos desarrollado esta Pol\u00edtica de Cumplimiento Social basada en el c\u00f3digo base ETI, reconocido internacionalmente.<\/p>\n<p>Los est\u00e1ndares que se describen a continuaci\u00f3n ofrecen una visi\u00f3n general de los valores que defendemos en nuestras pol\u00edticas y esperamos que nuestros proveedores cumplan con estos est\u00e1ndares y requisitos:<\/p>\n<ul>\n<li>El empleo es de libre elecci\u00f3n (v\u00e9ase tambi\u00e9n nuestra Declaraci\u00f3n sobre la Esclavitud Moderna).<\/li>\n<li>Libertad de asociaci\u00f3n.<\/li>\n<li>Se proporcionar\u00e1n condiciones de trabajo seguras e higi\u00e9nicas.<\/li>\n<li>Rodo no participa ni apoya el trabajo infantil.<\/li>\n<li>Se pagan salarios justos.<\/li>\n<li>Las horas de trabajo cumplen con las leyes nacionales y los est\u00e1ndares de referencia del sector.<\/li>\n<li>No se practica la discriminaci\u00f3n.<\/li>\n<li>Se proporciona empleo regular.<\/li>\n<li>No se permite ning\u00fan trato cruel o inhumano.<\/li>\n<li>Protegemos el medio ambiente.<\/li>\n<\/ul>\n<h3>Medio ambiente<\/h3>\n<p>Con millones de productos vendidos cada a\u00f1o, nos tomamos muy en serio nuestra responsabilidad con el medio ambiente. Nos comprometemos a reducir la cantidad de envases en nuestros productos, a eliminar o minimizar el pl\u00e1stico y a garantizar que el pl\u00e1stico que utilizamos sea totalmente reciclable. Rodo tambi\u00e9n es miembro de OPRL, una organizaci\u00f3n independiente dedicada a difundir mensajes de reciclaje sencillos y coherentes, y colaboramos con ellos para garantizar la claridad de nuestro mensaje.<\/p>\n","protected":false},"excerpt":{"rendered":"<p>El abastecimiento responsable no es solo un tr\u00e1mite, es una decisi\u00f3n consciente y algo que debe tomarse en serio. SEDEX Rodo es miembro de Sedex, una organizaci\u00f3n dedicada a mejorar las condiciones laborales en todo el mundo. No solo visitamos de forma independiente a nuestros proveedores para comprobar que las f\u00e1bricas sean seguras, que los [&hellip;]<\/p>\n","protected":false},"author":2,"featured_media":0,"parent":0,"menu_order":0,"comment_status":"closed","ping_status":"closed","template":"","meta":{"footnotes":""},"class_list":["post-605","page","type-page","status-publish","hentry"],"acf":[],"yoast_head":"<!-- This site is optimized with the Yoast SEO Premium plugin v27.3 (Yoast SEO v27.3) - https:\/\/yoast.com\/product\/yoast-seo-premium-wordpress\/ -->\n<title>Nuestro C\u00f3digo de \u00c9tica - Prodec USA<\/title>\n<meta name=\"robots\" content=\"index, follow, max-snippet:-1, max-image-preview:large, max-video-preview:-1\" \/>\n<link rel=\"canonical\" href=\"https:\/\/prodectools.com\/usa\/es\/our-code-of-ethics\/\" \/>\n<meta property=\"og:locale\" content=\"es_ES\" \/>\n<meta property=\"og:type\" content=\"article\" \/>\n<meta property=\"og:title\" content=\"Nuestro C\u00f3digo de \u00c9tica\" \/>\n<meta property=\"og:description\" content=\"El abastecimiento responsable no es solo un tr\u00e1mite, es una decisi\u00f3n consciente y algo que debe tomarse en serio. SEDEX Rodo es miembro de Sedex, una organizaci\u00f3n dedicada a mejorar las condiciones laborales en todo el mundo. No solo visitamos de forma independiente a nuestros proveedores para comprobar que las f\u00e1bricas sean seguras, que los [&hellip;]\" \/>\n<meta property=\"og:url\" content=\"https:\/\/prodectools.com\/usa\/es\/our-code-of-ethics\/\" \/>\n<meta property=\"og:site_name\" content=\"Prodec USA\" \/>\n<meta property=\"article:modified_time\" content=\"2026-03-30T14:34:14+00:00\" \/>\n<meta name=\"twitter:card\" content=\"summary_large_image\" \/>\n<meta name=\"twitter:label1\" content=\"Tiempo de lectura\" \/>\n\t<meta name=\"twitter:data1\" content=\"2 minutos\" \/>\n<script type=\"application\/ld+json\" class=\"yoast-schema-graph\">{\"@context\":\"https:\\\/\\\/schema.org\",\"@graph\":[{\"@type\":\"WebPage\",\"@id\":\"https:\\\/\\\/prodectools.com\\\/usa\\\/es\\\/our-code-of-ethics\\\/\",\"url\":\"https:\\\/\\\/prodectools.com\\\/usa\\\/es\\\/our-code-of-ethics\\\/\",\"name\":\"Nuestro C\u00f3digo de \u00c9tica - Prodec USA\",\"isPartOf\":{\"@id\":\"https:\\\/\\\/prodectools.com\\\/usa\\\/#website\"},\"datePublished\":\"2025-11-06T12:12:17+00:00\",\"dateModified\":\"2026-03-30T14:34:14+00:00\",\"breadcrumb\":{\"@id\":\"https:\\\/\\\/prodectools.com\\\/usa\\\/es\\\/our-code-of-ethics\\\/#breadcrumb\"},\"inLanguage\":\"es\",\"potentialAction\":[{\"@type\":\"ReadAction\",\"target\":[\"https:\\\/\\\/prodectools.com\\\/usa\\\/es\\\/our-code-of-ethics\\\/\"]}]},{\"@type\":\"BreadcrumbList\",\"@id\":\"https:\\\/\\\/prodectools.com\\\/usa\\\/es\\\/our-code-of-ethics\\\/#breadcrumb\",\"itemListElement\":[{\"@type\":\"ListItem\",\"position\":1,\"name\":\"Home\",\"item\":\"https:\\\/\\\/prodectools.com\\\/usa\\\/es\\\/\"},{\"@type\":\"ListItem\",\"position\":2,\"name\":\"Nuestro C\u00f3digo de \u00c9tica\"}]},{\"@type\":\"WebSite\",\"@id\":\"https:\\\/\\\/prodectools.com\\\/usa\\\/#website\",\"url\":\"https:\\\/\\\/prodectools.com\\\/usa\\\/\",\"name\":\"www.prodectools.com\",\"description\":\"\",\"publisher\":{\"@id\":\"https:\\\/\\\/prodectools.com\\\/usa\\\/#organization\"},\"potentialAction\":[{\"@type\":\"SearchAction\",\"target\":{\"@type\":\"EntryPoint\",\"urlTemplate\":\"https:\\\/\\\/prodectools.com\\\/usa\\\/?s={search_term_string}\"},\"query-input\":{\"@type\":\"PropertyValueSpecification\",\"valueRequired\":true,\"valueName\":\"search_term_string\"}}],\"inLanguage\":\"es\"},{\"@type\":\"Organization\",\"@id\":\"https:\\\/\\\/prodectools.com\\\/usa\\\/#organization\",\"name\":\"Prodec\",\"url\":\"https:\\\/\\\/prodectools.com\\\/usa\\\/\",\"logo\":{\"@type\":\"ImageObject\",\"inLanguage\":\"es\",\"@id\":\"https:\\\/\\\/prodectools.com\\\/usa\\\/#\\\/schema\\\/logo\\\/image\\\/\",\"url\":\"https:\\\/\\\/prodectools.com\\\/usa\\\/wp-content\\\/uploads\\\/sites\\\/2\\\/2026\\\/02\\\/Prodec-US-Logo-512-x-512-px.jpg\",\"contentUrl\":\"https:\\\/\\\/prodectools.com\\\/usa\\\/wp-content\\\/uploads\\\/sites\\\/2\\\/2026\\\/02\\\/Prodec-US-Logo-512-x-512-px.jpg\",\"width\":\"2133\",\"height\":\"2133\",\"caption\":\"Prodec\"},\"image\":{\"@id\":\"https:\\\/\\\/prodectools.com\\\/usa\\\/#\\\/schema\\\/logo\\\/image\\\/\"}}]}<\/script>\n<!-- \/ Yoast SEO Premium plugin. -->","yoast_head_json":{"title":"Nuestro C\u00f3digo de \u00c9tica - Prodec USA","robots":{"index":"index","follow":"follow","max-snippet":"max-snippet:-1","max-image-preview":"max-image-preview:large","max-video-preview":"max-video-preview:-1"},"canonical":"https:\/\/prodectools.com\/usa\/es\/our-code-of-ethics\/","og_locale":"es_ES","og_type":"article","og_title":"Nuestro C\u00f3digo de \u00c9tica","og_description":"El abastecimiento responsable no es solo un tr\u00e1mite, es una decisi\u00f3n consciente y algo que debe tomarse en serio. SEDEX Rodo es miembro de Sedex, una organizaci\u00f3n dedicada a mejorar las condiciones laborales en todo el mundo. No solo visitamos de forma independiente a nuestros proveedores para comprobar que las f\u00e1bricas sean seguras, que los [&hellip;]","og_url":"https:\/\/prodectools.com\/usa\/es\/our-code-of-ethics\/","og_site_name":"Prodec USA","article_modified_time":"2026-03-30T14:34:14+00:00","twitter_card":"summary_large_image","twitter_misc":{"Tiempo de lectura":"2 minutos"},"schema":{"@context":"https:\/\/schema.org","@graph":[{"@type":"WebPage","@id":"https:\/\/prodectools.com\/usa\/es\/our-code-of-ethics\/","url":"https:\/\/prodectools.com\/usa\/es\/our-code-of-ethics\/","name":"Nuestro C\u00f3digo de \u00c9tica - Prodec USA","isPartOf":{"@id":"https:\/\/prodectools.com\/usa\/#website"},"datePublished":"2025-11-06T12:12:17+00:00","dateModified":"2026-03-30T14:34:14+00:00","breadcrumb":{"@id":"https:\/\/prodectools.com\/usa\/es\/our-code-of-ethics\/#breadcrumb"},"inLanguage":"es","potentialAction":[{"@type":"ReadAction","target":["https:\/\/prodectools.com\/usa\/es\/our-code-of-ethics\/"]}]},{"@type":"BreadcrumbList","@id":"https:\/\/prodectools.com\/usa\/es\/our-code-of-ethics\/#breadcrumb","itemListElement":[{"@type":"ListItem","position":1,"name":"Home","item":"https:\/\/prodectools.com\/usa\/es\/"},{"@type":"ListItem","position":2,"name":"Nuestro C\u00f3digo de \u00c9tica"}]},{"@type":"WebSite","@id":"https:\/\/prodectools.com\/usa\/#website","url":"https:\/\/prodectools.com\/usa\/","name":"www.prodectools.com","description":"","publisher":{"@id":"https:\/\/prodectools.com\/usa\/#organization"},"potentialAction":[{"@type":"SearchAction","target":{"@type":"EntryPoint","urlTemplate":"https:\/\/prodectools.com\/usa\/?s={search_term_string}"},"query-input":{"@type":"PropertyValueSpecification","valueRequired":true,"valueName":"search_term_string"}}],"inLanguage":"es"},{"@type":"Organization","@id":"https:\/\/prodectools.com\/usa\/#organization","name":"Prodec","url":"https:\/\/prodectools.com\/usa\/","logo":{"@type":"ImageObject","inLanguage":"es","@id":"https:\/\/prodectools.com\/usa\/#\/schema\/logo\/image\/","url":"https:\/\/prodectools.com\/usa\/wp-content\/uploads\/sites\/2\/2026\/02\/Prodec-US-Logo-512-x-512-px.jpg","contentUrl":"https:\/\/prodectools.com\/usa\/wp-content\/uploads\/sites\/2\/2026\/02\/Prodec-US-Logo-512-x-512-px.jpg","width":"2133","height":"2133","caption":"Prodec"},"image":{"@id":"https:\/\/prodectools.com\/usa\/#\/schema\/logo\/image\/"}}]}},"_links":{"self":[{"href":"https:\/\/prodectools.com\/usa\/es\/wp-json\/wp\/v2\/pages\/605","targetHints":{"allow":["GET"]}}],"collection":[{"href":"https:\/\/prodectools.com\/usa\/es\/wp-json\/wp\/v2\/pages"}],"about":[{"href":"https:\/\/prodectools.com\/usa\/es\/wp-json\/wp\/v2\/types\/page"}],"author":[{"embeddable":true,"href":"https:\/\/prodectools.com\/usa\/es\/wp-json\/wp\/v2\/users\/2"}],"replies":[{"embeddable":true,"href":"https:\/\/prodectools.com\/usa\/es\/wp-json\/wp\/v2\/comments?post=605"}],"version-history":[{"count":3,"href":"https:\/\/prodectools.com\/usa\/es\/wp-json\/wp\/v2\/pages\/605\/revisions"}],"predecessor-version":[{"id":731,"href":"https:\/\/prodectools.com\/usa\/es\/wp-json\/wp\/v2\/pages\/605\/revisions\/731"}],"wp:attachment":[{"href":"https:\/\/prodectools.com\/usa\/es\/wp-json\/wp\/v2\/media?parent=605"}],"curies":[{"name":"wp","href":"https:\/\/api.w.org\/{rel}","templated":true}]}}