{"id":591,"date":"2025-11-06T10:42:54","date_gmt":"2025-11-06T10:42:54","guid":{"rendered":"https:\/\/prodectools.com\/usa\/modern-slavery-human-trafficking-statement-2025-26\/"},"modified":"2026-03-30T14:30:05","modified_gmt":"2026-03-30T14:30:05","slug":"modern-slavery-human-trafficking-statement-2025-26","status":"publish","type":"page","link":"https:\/\/prodectools.com\/usa\/es\/modern-slavery-human-trafficking-statement-2025-26\/","title":{"rendered":"Declaraci\u00f3n sobre la esclavitud moderna y la trata de personas 2025\/26"},"content":{"rendered":"<h2>Esta declaraci\u00f3n es realizada por Rodo Ltd. De conformidad con el art\u00edculo 54 de la Ley contra la Esclavitud Moderna de 2015, abarca el ejercicio econ\u00f3mico que comienza en abril de 2024.<\/h2>\n<p><strong>Introducci\u00f3n<\/strong><\/p>\n<p>Rodo se compromete a garantizar que su empresa no est\u00e9 involucrada en la esclavitud moderna ni en la trata de personas. La esclavitud moderna es un delito y una violaci\u00f3n de los derechos humanos fundamentales. Adopta diversas formas, como la esclavitud, la servidumbre, el trabajo forzoso u obligatorio y la trata de personas, todas las cuales tienen en com\u00fan la privaci\u00f3n de la libertad de una persona por parte de otra para explotarla con fines personales o comerciales.<\/p>\n<p>Sabemos que la esclavitud, la trata de personas, la servidumbre y el trabajo forzoso (esclavitud moderna) representan un desaf\u00edo global y creciente para las empresas, y Rodo no apoyar\u00e1 ni mantendr\u00e1 relaciones comerciales con ninguna empresa que, a sabiendas, est\u00e9 involucrada en la esclavitud moderna o la trata de personas.<\/p>\n<h3>Nuestra Empresa y Estructura<\/h3>\n<p>Rodo Ltd. es una empresa familiar especializada en el suministro de accesorios decorativos y equipos de protecci\u00f3n personal. La empresa se fund\u00f3 en 1926 y ha experimentado un crecimiento y una transformaci\u00f3n sustanciales a lo largo de sus 90 a\u00f1os de historia. Actualmente, cuenta con m\u00e1s de 150 empleados y, en el ejercicio fiscal 2024\/2025, registr\u00f3 una facturaci\u00f3n de 46 millones de libras esterlinas.<\/p>\n<p>Rodo es el proveedor l\u00edder de productos de decoraci\u00f3n en el Reino Unido, suministrando productos de marca propia y de marca blanca a las principales empresas del sector, tanto bajo sus propias marcas (como Blackrock, ProDec, Fit For The Job y Job Done) como bajo marca blanca. La empresa tambi\u00e9n tiene una presencia significativa entre los minoristas independientes de bricolaje, a quienes suministra productos de marca propia y de marca blanca.<\/p>\n<p>Las excelentes relaciones con proveedores de todo el mundo, junto con una actitud proactiva en los negocios, permiten a la empresa seguir ofreciendo a sus clientes una amplia y diversa gama de productos para impulsar el crecimiento de sus negocios. El desarrollo de productos sigue siendo fundamental para la filosof\u00eda empresarial de Rodo, y la investigaci\u00f3n de nuevos productos, junto con la mejora de los existentes, es un proceso continuo. Como resultado, la empresa contin\u00faa disfrutando de un s\u00f3lido crecimiento interanual. Rodo&#8217;s es tambi\u00e9n un proveedor l\u00edder de EPI bajo la marca Blackrock, incluyendo calzado de seguridad, guantes, ropa de trabajo t\u00e9cnica, ropa de alta visibilidad y otros productos complementarios.<\/p>\n<p>Reconocemos el riesgo potencial de esclavitud moderna en nuestra cadena de suministro y nos aseguramos de tener sumo cuidado al seleccionar a nuestros proveedores. Actualmente, nuestra cadena de suministro se compone principalmente de proveedores de China.<\/p>\n<h3>Nuestras Pol\u00edticas sobre Esclavitud y Trata de Personas<\/h3>\n<p>Como empresa, reconocemos nuestra responsabilidad de estar al tanto de los riesgos de la Esclavitud Moderna dentro de nuestra organizaci\u00f3n y cadena de suministro. Por lo tanto, hemos tomado las siguientes medidas:<\/p>\n<ul>\n<li>En 2016, implementamos una nueva Pol\u00edtica de Cumplimiento Social. Esta pol\u00edtica describe nuestro enfoque de tolerancia cero ante la Esclavitud Moderna de cualquier tipo dentro de nuestras operaciones y cadena de suministro. Nuestra pol\u00edtica establece los est\u00e1ndares que esperamos de todas las personas que trabajan con nosotros o en nuestro nombre para apoyar y cumplir con nuestros compromisos pol\u00edticos y proporciona directrices para que los empleados, socios y trabajadores temporales informen sobre cualquier sospecha o inquietud relacionada con el cumplimiento de la pol\u00edtica.<\/li>\n<li>Contamos con una pol\u00edtica clara de denuncia de irregularidades y, si existen inquietudes relacionadas con la Esclavitud Moderna, estas pueden plantearse de forma confidencial y sin temor, como parte de nuestro procedimiento de denuncia. Nuestra pol\u00edtica de denuncia de irregularidades se ha modificado para tener en cuenta la Ley de Esclavitud Moderna de 2015. Todas las denuncias de Esclavitud Moderna ser\u00e1n investigadas exhaustivamente y se tomar\u00e1n las medidas correctivas apropiadas.<\/li>\n<\/ul>\n<h3>Procesos de Evaluaci\u00f3n de Riesgos<\/h3>\n<p>Nuestras actividades de debida diligencia para combatir la esclavitud y la trata de personas, descritas a continuaci\u00f3n, se basan en el riesgo y, en el futuro, se corresponder\u00e1n con el nivel de riesgo identificado. Estas actividades est\u00e1n en consonancia con el c\u00f3digo base de ETI, reconocido internacionalmente. Por ello, durante este periodo hemos emprendido o iniciado los siguientes procesos de evaluaci\u00f3n de riesgos para fundamentar nuestro enfoque de debida diligencia:<\/p>\n<ul>\n<li>Hemos realizado una evaluaci\u00f3n de riesgos de la cadena de suministro. Evaluamos el riesgo utilizando informaci\u00f3n clave, como el tipo de proveedor y su ubicaci\u00f3n geogr\u00e1fica, y tambi\u00e9n hemos revisado recursos independientes y regulatorios de evaluaci\u00f3n de riesgos laborales. Los resultados han generado calificaciones de riesgo para los proveedores, lo que nos permite priorizar la debida diligencia futura dentro de nuestra cadena de suministro.<\/li>\n<li>Adem\u00e1s, nuestros contratistas de nivel 1, seleccionados en funci\u00f3n del tama\u00f1o del contrato y los ingresos, son empresas consolidadas que est\u00e1n obligadas a cumplir con las obligaciones de informaci\u00f3n de la Ley contra la Esclavitud Moderna.<\/li>\n<\/ul>\n<h3>Procesos de Debida Diligencia<\/h3>\n<p>Para prevenir la esclavitud y la trata de personas en nuestro negocio y cadenas de suministro, llevamos a cabo un proceso de debida diligencia que incluye:<\/p>\n<ul>\n<li>La publicaci\u00f3n y adopci\u00f3n de un C\u00f3digo de Conducta para Proveedores sobre Esclavitud y Trata de Personas. Este c\u00f3digo se ha publicado en nuestra intranet y, como se indic\u00f3 anteriormente, se ha comunicado a los contratistas principales, a quienes se les ha solicitado que confirmen su compromiso de cumplir con los est\u00e1ndares establecidos en el mismo.<\/li>\n<li>Revisaremos cualquier relaci\u00f3n potencialmente de alto riesgo en funci\u00f3n de los resultados de nuestra evaluaci\u00f3n de riesgos y determinaremos en qu\u00e9 medida es apropiado tomar medidas preventivas adicionales para minimizar el riesgo de esclavitud y trata de personas cuando tengamos una relaci\u00f3n directa con dichas organizaciones.<\/li>\n<li>Nuestro Gerente de Compras y Abastecimiento visita y realiza auditor\u00edas\/inspecciones a cada uno de nuestros proveedores en China. Si se detecta alg\u00fan problema, se seguir\u00e1n los procedimientos correspondientes.<\/li>\n<li>Siempre que sea posible, procuramos adquirir bienes y servicios de un proveedor ya conocido, lo que nos permite comprender mejor las operaciones y pol\u00edticas de nuestros proveedores y establecer relaciones estrat\u00e9gicas a largo plazo con ellos.<\/li>\n<\/ul>\n<h3>Capacitaci\u00f3n para sensibilizar sobre la esclavitud moderna y la trata de personas<\/h3>\n<p>Para supervisar la eficacia de las medidas que hemos tomado para intentar prevenir la esclavitud y la trata de personas en nuestro negocio y cadenas de suministro, tenemos la intenci\u00f3n de:-<\/p>\n<ul>\n<li>Revise la eficacia de nuestra Pol\u00edtica contra la Esclavitud y la Trata de Personas y del C\u00f3digo de Conducta de los Proveedores;<\/li>\n<li>Aseg\u00farese de que todo el personal clave reciba formaci\u00f3n continua sobre la Ley contra la Esclavitud Moderna y los riesgos de esclavitud y trata de personas.<\/li>\n<li>Supervisar y considerar cualquier informe o investigaci\u00f3n realizada en relaci\u00f3n con la esclavitud moderna o la trata de personas.<\/li>\n<li>El n\u00famero de auditor\u00edas realizadas a los proveedores y las medidas adoptadas.<\/li>\n<\/ul>\n<p>Tenemos previsto evaluar estos indicadores clave de rendimiento (KPI) anualmente y modificarlos cuando lo consideremos oportuno para contar con los medios de medici\u00f3n m\u00e1s eficaces.<\/p>\n<h3>Aprobaci\u00f3n de esta declaraci\u00f3n<\/h3>\n<p>Esta declaraci\u00f3n fue aprobada por el Consejo de Administraci\u00f3n en mayo de 2025 y firmada en su nombre por:<\/p>\n<p><strong>Laura Brierley-Smith<\/strong><\/p>\n<p><strong>Directora General<\/strong><\/p>\n","protected":false},"excerpt":{"rendered":"<p>Esta declaraci\u00f3n es realizada por Rodo Ltd. De conformidad con el art\u00edculo 54 de la Ley contra la Esclavitud Moderna de 2015, abarca el ejercicio econ\u00f3mico que comienza en abril de 2024. Introducci\u00f3n Rodo se compromete a garantizar que su empresa no est\u00e9 involucrada en la esclavitud moderna ni en la trata de personas. La [&hellip;]<\/p>\n","protected":false},"author":2,"featured_media":0,"parent":0,"menu_order":0,"comment_status":"closed","ping_status":"closed","template":"","meta":{"footnotes":""},"class_list":["post-591","page","type-page","status-publish","hentry"],"acf":[],"yoast_head":"<!-- This site is optimized with the Yoast SEO Premium plugin v27.3 (Yoast SEO v27.3) - https:\/\/yoast.com\/product\/yoast-seo-premium-wordpress\/ -->\n<title>Declaraci\u00f3n sobre la esclavitud moderna y la trata de personas 2025\/26 - Prodec USA<\/title>\n<meta name=\"robots\" content=\"index, follow, max-snippet:-1, max-image-preview:large, max-video-preview:-1\" \/>\n<link rel=\"canonical\" href=\"https:\/\/prodectools.com\/usa\/es\/modern-slavery-human-trafficking-statement-2025-26\/\" \/>\n<meta property=\"og:locale\" content=\"es_ES\" \/>\n<meta property=\"og:type\" content=\"article\" \/>\n<meta property=\"og:title\" content=\"Declaraci\u00f3n sobre la esclavitud moderna y la trata de personas 2025\/26\" \/>\n<meta property=\"og:description\" content=\"Esta declaraci\u00f3n es realizada por Rodo Ltd. De conformidad con el art\u00edculo 54 de la Ley contra la Esclavitud Moderna de 2015, abarca el ejercicio econ\u00f3mico que comienza en abril de 2024. Introducci\u00f3n Rodo se compromete a garantizar que su empresa no est\u00e9 involucrada en la esclavitud moderna ni en la trata de personas. La [&hellip;]\" \/>\n<meta property=\"og:url\" content=\"https:\/\/prodectools.com\/usa\/es\/modern-slavery-human-trafficking-statement-2025-26\/\" \/>\n<meta property=\"og:site_name\" content=\"Prodec USA\" \/>\n<meta property=\"article:modified_time\" content=\"2026-03-30T14:30:05+00:00\" \/>\n<meta name=\"twitter:card\" content=\"summary_large_image\" \/>\n<meta name=\"twitter:label1\" content=\"Tiempo de lectura\" \/>\n\t<meta name=\"twitter:data1\" content=\"6 minutos\" \/>\n<script type=\"application\/ld+json\" class=\"yoast-schema-graph\">{\"@context\":\"https:\\\/\\\/schema.org\",\"@graph\":[{\"@type\":\"WebPage\",\"@id\":\"https:\\\/\\\/prodectools.com\\\/usa\\\/es\\\/modern-slavery-human-trafficking-statement-2025-26\\\/\",\"url\":\"https:\\\/\\\/prodectools.com\\\/usa\\\/es\\\/modern-slavery-human-trafficking-statement-2025-26\\\/\",\"name\":\"Declaraci\u00f3n sobre la esclavitud moderna y la trata de personas 2025\\\/26 - Prodec USA\",\"isPartOf\":{\"@id\":\"https:\\\/\\\/prodectools.com\\\/usa\\\/#website\"},\"datePublished\":\"2025-11-06T10:42:54+00:00\",\"dateModified\":\"2026-03-30T14:30:05+00:00\",\"breadcrumb\":{\"@id\":\"https:\\\/\\\/prodectools.com\\\/usa\\\/es\\\/modern-slavery-human-trafficking-statement-2025-26\\\/#breadcrumb\"},\"inLanguage\":\"es\",\"potentialAction\":[{\"@type\":\"ReadAction\",\"target\":[\"https:\\\/\\\/prodectools.com\\\/usa\\\/es\\\/modern-slavery-human-trafficking-statement-2025-26\\\/\"]}]},{\"@type\":\"BreadcrumbList\",\"@id\":\"https:\\\/\\\/prodectools.com\\\/usa\\\/es\\\/modern-slavery-human-trafficking-statement-2025-26\\\/#breadcrumb\",\"itemListElement\":[{\"@type\":\"ListItem\",\"position\":1,\"name\":\"Home\",\"item\":\"https:\\\/\\\/prodectools.com\\\/usa\\\/es\\\/\"},{\"@type\":\"ListItem\",\"position\":2,\"name\":\"Declaraci\u00f3n sobre la esclavitud moderna y la trata de personas 2025\\\/26\"}]},{\"@type\":\"WebSite\",\"@id\":\"https:\\\/\\\/prodectools.com\\\/usa\\\/#website\",\"url\":\"https:\\\/\\\/prodectools.com\\\/usa\\\/\",\"name\":\"www.prodectools.com\",\"description\":\"\",\"publisher\":{\"@id\":\"https:\\\/\\\/prodectools.com\\\/usa\\\/#organization\"},\"potentialAction\":[{\"@type\":\"SearchAction\",\"target\":{\"@type\":\"EntryPoint\",\"urlTemplate\":\"https:\\\/\\\/prodectools.com\\\/usa\\\/?s={search_term_string}\"},\"query-input\":{\"@type\":\"PropertyValueSpecification\",\"valueRequired\":true,\"valueName\":\"search_term_string\"}}],\"inLanguage\":\"es\"},{\"@type\":\"Organization\",\"@id\":\"https:\\\/\\\/prodectools.com\\\/usa\\\/#organization\",\"name\":\"Prodec\",\"url\":\"https:\\\/\\\/prodectools.com\\\/usa\\\/\",\"logo\":{\"@type\":\"ImageObject\",\"inLanguage\":\"es\",\"@id\":\"https:\\\/\\\/prodectools.com\\\/usa\\\/#\\\/schema\\\/logo\\\/image\\\/\",\"url\":\"https:\\\/\\\/prodectools.com\\\/usa\\\/wp-content\\\/uploads\\\/sites\\\/2\\\/2026\\\/02\\\/Prodec-US-Logo-512-x-512-px.jpg\",\"contentUrl\":\"https:\\\/\\\/prodectools.com\\\/usa\\\/wp-content\\\/uploads\\\/sites\\\/2\\\/2026\\\/02\\\/Prodec-US-Logo-512-x-512-px.jpg\",\"width\":\"2133\",\"height\":\"2133\",\"caption\":\"Prodec\"},\"image\":{\"@id\":\"https:\\\/\\\/prodectools.com\\\/usa\\\/#\\\/schema\\\/logo\\\/image\\\/\"}}]}<\/script>\n<!-- \/ Yoast SEO Premium plugin. -->","yoast_head_json":{"title":"Declaraci\u00f3n sobre la esclavitud moderna y la trata de personas 2025\/26 - Prodec USA","robots":{"index":"index","follow":"follow","max-snippet":"max-snippet:-1","max-image-preview":"max-image-preview:large","max-video-preview":"max-video-preview:-1"},"canonical":"https:\/\/prodectools.com\/usa\/es\/modern-slavery-human-trafficking-statement-2025-26\/","og_locale":"es_ES","og_type":"article","og_title":"Declaraci\u00f3n sobre la esclavitud moderna y la trata de personas 2025\/26","og_description":"Esta declaraci\u00f3n es realizada por Rodo Ltd. De conformidad con el art\u00edculo 54 de la Ley contra la Esclavitud Moderna de 2015, abarca el ejercicio econ\u00f3mico que comienza en abril de 2024. Introducci\u00f3n Rodo se compromete a garantizar que su empresa no est\u00e9 involucrada en la esclavitud moderna ni en la trata de personas. La [&hellip;]","og_url":"https:\/\/prodectools.com\/usa\/es\/modern-slavery-human-trafficking-statement-2025-26\/","og_site_name":"Prodec USA","article_modified_time":"2026-03-30T14:30:05+00:00","twitter_card":"summary_large_image","twitter_misc":{"Tiempo de lectura":"6 minutos"},"schema":{"@context":"https:\/\/schema.org","@graph":[{"@type":"WebPage","@id":"https:\/\/prodectools.com\/usa\/es\/modern-slavery-human-trafficking-statement-2025-26\/","url":"https:\/\/prodectools.com\/usa\/es\/modern-slavery-human-trafficking-statement-2025-26\/","name":"Declaraci\u00f3n sobre la esclavitud moderna y la trata de personas 2025\/26 - Prodec USA","isPartOf":{"@id":"https:\/\/prodectools.com\/usa\/#website"},"datePublished":"2025-11-06T10:42:54+00:00","dateModified":"2026-03-30T14:30:05+00:00","breadcrumb":{"@id":"https:\/\/prodectools.com\/usa\/es\/modern-slavery-human-trafficking-statement-2025-26\/#breadcrumb"},"inLanguage":"es","potentialAction":[{"@type":"ReadAction","target":["https:\/\/prodectools.com\/usa\/es\/modern-slavery-human-trafficking-statement-2025-26\/"]}]},{"@type":"BreadcrumbList","@id":"https:\/\/prodectools.com\/usa\/es\/modern-slavery-human-trafficking-statement-2025-26\/#breadcrumb","itemListElement":[{"@type":"ListItem","position":1,"name":"Home","item":"https:\/\/prodectools.com\/usa\/es\/"},{"@type":"ListItem","position":2,"name":"Declaraci\u00f3n sobre la esclavitud moderna y la trata de personas 2025\/26"}]},{"@type":"WebSite","@id":"https:\/\/prodectools.com\/usa\/#website","url":"https:\/\/prodectools.com\/usa\/","name":"www.prodectools.com","description":"","publisher":{"@id":"https:\/\/prodectools.com\/usa\/#organization"},"potentialAction":[{"@type":"SearchAction","target":{"@type":"EntryPoint","urlTemplate":"https:\/\/prodectools.com\/usa\/?s={search_term_string}"},"query-input":{"@type":"PropertyValueSpecification","valueRequired":true,"valueName":"search_term_string"}}],"inLanguage":"es"},{"@type":"Organization","@id":"https:\/\/prodectools.com\/usa\/#organization","name":"Prodec","url":"https:\/\/prodectools.com\/usa\/","logo":{"@type":"ImageObject","inLanguage":"es","@id":"https:\/\/prodectools.com\/usa\/#\/schema\/logo\/image\/","url":"https:\/\/prodectools.com\/usa\/wp-content\/uploads\/sites\/2\/2026\/02\/Prodec-US-Logo-512-x-512-px.jpg","contentUrl":"https:\/\/prodectools.com\/usa\/wp-content\/uploads\/sites\/2\/2026\/02\/Prodec-US-Logo-512-x-512-px.jpg","width":"2133","height":"2133","caption":"Prodec"},"image":{"@id":"https:\/\/prodectools.com\/usa\/#\/schema\/logo\/image\/"}}]}},"_links":{"self":[{"href":"https:\/\/prodectools.com\/usa\/es\/wp-json\/wp\/v2\/pages\/591","targetHints":{"allow":["GET"]}}],"collection":[{"href":"https:\/\/prodectools.com\/usa\/es\/wp-json\/wp\/v2\/pages"}],"about":[{"href":"https:\/\/prodectools.com\/usa\/es\/wp-json\/wp\/v2\/types\/page"}],"author":[{"embeddable":true,"href":"https:\/\/prodectools.com\/usa\/es\/wp-json\/wp\/v2\/users\/2"}],"replies":[{"embeddable":true,"href":"https:\/\/prodectools.com\/usa\/es\/wp-json\/wp\/v2\/comments?post=591"}],"version-history":[{"count":4,"href":"https:\/\/prodectools.com\/usa\/es\/wp-json\/wp\/v2\/pages\/591\/revisions"}],"predecessor-version":[{"id":730,"href":"https:\/\/prodectools.com\/usa\/es\/wp-json\/wp\/v2\/pages\/591\/revisions\/730"}],"wp:attachment":[{"href":"https:\/\/prodectools.com\/usa\/es\/wp-json\/wp\/v2\/media?parent=591"}],"curies":[{"name":"wp","href":"https:\/\/api.w.org\/{rel}","templated":true}]}}