{"id":569,"date":"2025-11-06T10:36:02","date_gmt":"2025-11-06T10:36:02","guid":{"rendered":"https:\/\/prodectools.com\/usa\/cookie-policy\/"},"modified":"2026-04-14T09:01:15","modified_gmt":"2026-04-14T09:01:15","slug":"cookie-policy","status":"publish","type":"page","link":"https:\/\/prodectools.com\/usa\/es\/cookie-policy\/","title":{"rendered":"Pol\u00edtica de cookies"},"content":{"rendered":"<div data-custom-class=\"body\">\n<div>\n<h3><strong>POL\u00cdTICA DE COOKIES<\/strong><\/h3>\n<p><strong>\u00daltima actualizaci\u00f3n 08 de abril de 2026<\/strong><\/p>\n<p><g id=\"gid_0\"><g id=\"gid_1\">Esta Pol\u00edtica de Cookies explica c\u00f3mo Rodo Ltd (<g id=\"gid_2\">\u00abEmpresa<\/g>\u00ab,<g id=\"gid_3\">\u00abnosotros<\/g>\u00ab,<g id=\"gid_4\">\u00abnos<\/g>\u00bb y<g id=\"gid_5\">\u00abnuestro<\/g>\u00ab) utiliza las cookies y tecnolog\u00edas similares para reconocerte cuando visitas nuestro sitio web en <\/g><\/g><g id=\"gid_6\"><g id=\"gid_7\"><g id=\"gid_8\">https:\/\/prodectools.com<\/g><\/g><\/g><g id=\"gid_9\"><g id=\"gid_10\"> (<g id=\"gid_11\">\u00abSitio web<\/g>\u00ab). Explica qu\u00e9 son estas tecnolog\u00edas y por qu\u00e9 las utilizamos, as\u00ed como tus derechos a controlar el uso que hacemos de ellas.<\/g><\/g> <\/p>\n<p>En algunos casos podemos utilizar cookies para recoger informaci\u00f3n personal, o que se convierte en informaci\u00f3n personal si la combinamos con otra informaci\u00f3n.<\/p>\n<h4><strong>\u00bfQu\u00e9 son las cookies?<\/strong><\/h4>\n<p>Las cookies son peque\u00f1os archivos de datos que se colocan en tu ordenador o dispositivo m\u00f3vil cuando visitas un sitio web. Los propietarios de sitios web utilizan ampliamente las cookies para hacer que sus sitios web funcionen, o para que funcionen de forma m\u00e1s eficiente, as\u00ed como para proporcionar informaci\u00f3n de informes. <\/p>\n<p>Las cookies establecidas por el propietario del sitio web (en este caso, Rodo Ltd) se denominan \u00abcookies de origen\u00bb. Las cookies establecidas por partes distintas del propietario del sitio web se denominan \u00abcookies de terceros\u00bb. Las cookies de terceros permiten que se proporcionen caracter\u00edsticas o funcionalidades de terceros en o a trav\u00e9s del sitio web (por ejemplo, publicidad, contenido interactivo y an\u00e1lisis). Las partes que establecen estas cookies de terceros pueden reconocer tu ordenador tanto cuando visita el sitio web en cuesti\u00f3n como cuando visita otros sitios web determinados.   <\/p>\n<p><strong>\u00bfPor qu\u00e9 utilizamos cookies?<\/strong><br \/>\nUtilizamos cookies propias y de terceros por varias razones. Algunas cookies son necesarias por razones t\u00e9cnicas para que nuestro Sitio Web funcione, y nos referimos a ellas como cookies \u00abesenciales\u00bb o \u00abestrictamente necesarias\u00bb. Otras cookies tambi\u00e9n nos permiten rastrear y orientar los intereses de nuestros usuarios para mejorar la experiencia en nuestras Propiedades Online. Terceros sirven cookies a trav\u00e9s de nuestro Sitio Web con fines publicitarios, anal\u00edticos y otros. Esto se describe con m\u00e1s detalle a continuaci\u00f3n.    <\/p>\n<p><strong>\u00bfC\u00f3mo puedo controlar las cookies?<\/strong><br \/>\nTienes derecho a decidir si aceptas o rechazas las cookies. Puedes ejercer tus derechos sobre las cookies estableciendo tus preferencias en el Centro de preferencias de cookies. El Centro de preferencias de cookies te permite seleccionar qu\u00e9 categor\u00edas de cookies aceptas o rechazas. Las cookies esenciales no pueden rechazarse, ya que son estrictamente necesarias para prestarte servicios.   <\/p>\n<p>El Centro de Preferencia de Cookies se encuentra en el banner de notificaci\u00f3n y en nuestro Sitio Web. Si decides rechazar las cookies, podr\u00e1s seguir utilizando nuestro Sitio Web, aunque tu acceso a algunas funciones y \u00e1reas de nuestro Sitio Web puede estar restringido. Tambi\u00e9n puedes configurar o modificar los controles de tu navegador web para aceptar o rechazar las cookies.<br \/>\nLos tipos espec\u00edficos de cookies propias y de terceros que se sirven a trav\u00e9s de nuestro Sitio Web y los fines que persiguen se describen en la tabla siguiente (ten en cuenta que las cookies espec\u00edficas que se sirven pueden variar en funci\u00f3n de las Propiedades Online concretas que visites):  <\/p>\n<p><strong>Cookies de rendimiento y funcionalidad:<\/strong><\/p>\n<p>Estas cookies se utilizan para mejorar el rendimiento y la funcionalidad de nuestro Sitio Web, pero no son esenciales para su uso. Sin embargo, sin estas cookies, ciertas funcionalidades (como los v\u00eddeos) pueden dejar de estar disponibles. <\/p>\n<p>Nombre: wpEmojiSettingsSupports<br \/>\nFinalidad: Esta cookie se utiliza para habilitar la compatibilidad con emoji en las p\u00e1ginas que utilizan WordPress.<br \/>\nProveedor: prodectools.com<br \/>\nServicio: .voices.com<br \/>\nTipo: html_session_storage<br \/>\nCaduca en: sesi\u00f3n<br \/>\nCookies de an\u00e1lisis y personalizaci\u00f3n:<\/p>\n<p>Estas cookies recopilan informaci\u00f3n que se utiliza de forma agregada para ayudarnos a comprender c\u00f3mo se utiliza nuestro Sitio Web o la eficacia de nuestras campa\u00f1as de marketing, o para ayudarnos a personalizar nuestro Sitio Web para ti.<\/p>\n<p>Nombre: _ga<br \/>\nFinalidad: Registra un ID concreto utilizado para obtener datos sobre el uso del sitio web por parte del usuario<br \/>\nProveedor: .prodectools.com<br \/>\nServicio: Google Analytics Ver Pol\u00edtica de Privacidad del Servicio<br \/>\nTipo: http_cookie<br \/>\nCaduca en: 34559999<\/p>\n<p>&nbsp;<\/p>\n<p>Nombre: _ga_#<br \/>\nFinalidad: Se utiliza para distinguir usuarios individuales mediante la designaci\u00f3n de un n\u00famero generado aleatoriamente como identificador de cliente, que permite calcular las visitas y sesiones<br \/>\nProveedor: .prodectools.com<br \/>\nServicio: Google Analytics Ver Pol\u00edtica de Privacidad del Servicio<br \/>\nTipo: http_cookie<br \/>\nCaduca en: 34560001<br \/>\nCookies no clasificadas:<\/p>\n<p>Se trata de cookies que a\u00fan no han sido clasificadas. Estamos en proceso de clasificar estas cookies con la ayuda de sus proveedores. <\/p>\n<p>Nombre: wp-wpml_current_language<br \/>\nProveedor: prodectools.com<br \/>\nTipo: http_cookie<br \/>\nCaduca en: sesi\u00f3n<\/p>\n<p>&nbsp;<\/p>\n<p>Nombre: prodec_geo_redirected<br \/>\nProveedor: prodectools.com<br \/>\nTipo: server_cookie<br \/>\nCaduca en: 7776000<\/p>\n<p><strong>\u00bfC\u00f3mo puedo controlar las cookies en mi navegador?<\/strong><br \/>\nComo los medios por los que puedes rechazar las cookies a trav\u00e9s de los controles de tu navegador web var\u00edan de un navegador a otro, debes visitar el men\u00fa de ayuda de tu navegador para obtener m\u00e1s informaci\u00f3n. A continuaci\u00f3n encontrar\u00e1s informaci\u00f3n sobre c\u00f3mo gestionar las cookies en los navegadores m\u00e1s populares:<br \/>\nChrome<br \/>\nInternet Explorer<br \/>\nFirefox<br \/>\nSafari<br \/>\nEdge<br \/>\nOpera <\/p>\n<p>Adem\u00e1s, la mayor\u00eda de las redes publicitarias te ofrecen la posibilidad de rechazar la publicidad dirigida. Si deseas obtener m\u00e1s informaci\u00f3n, visita:<br \/>\nAlianza de Publicidad Digital<br \/>\nAlianza de Publicidad Digital de Canad\u00e1<br \/>\nAlianza Europea de Publicidad Digital Interactiva <\/p>\n<p><strong>\u00bfQu\u00e9 ocurre con otras tecnolog\u00edas de seguimiento, como las balizas web?<\/strong><br \/>\n<g id=\"gid_0\">Las cookies no son la \u00fanica forma de reconocer o rastrear a los visitantes de un sitio web. Podemos utilizar otras tecnolog\u00edas similares de vez en cuando, como balizas web (a veces llamadas \u00abp\u00edxeles de seguimiento\u00bb o \u00abgifs transparentes\u00bb). Se trata de diminutos archivos gr\u00e1ficos que contienen un identificador \u00fanico que nos permite reconocer cu\u00e1ndo alguien ha visitado nuestro Sitio Web o ha abierto un correo electr\u00f3nico que los incluya. Esto nos permite, por ejemplo, controlar <\/g><g id=\"gid_1\"><g id=\"gid_2\"><g id=\"gid_3\">los patrones de tr\u00e1fico de los usuarios de una p\u00e1gina a otra dentro de un sitio web, entregar cookies o comunicarnos con ellas, comprender si has llegado al sitio web desde un anuncio en l\u00ednea mostrado en un sitio web de terceros, mejorar el rendimiento del sitio y medir el \u00e9xito de las campa\u00f1as de marketing por correo electr\u00f3nico. En muchos casos, estas tecnolog\u00edas dependen de las cookies para funcionar correctamente, por lo que rechazarlas afectar\u00e1 a su funcionamiento.<\/g><\/g><\/g>    <\/p>\n<p><strong>\u00bfUtilizas cookies Flash u Objetos Locales Compartidos?<\/strong><br \/>\nLos sitios web tambi\u00e9n pueden utilizar las llamadas \u00abFlash Cookies\u00bb (tambi\u00e9n conocidas como Objetos Locales Compartidos o \u00abLSOs\u00bb) para, entre otras cosas, recoger y almacenar informaci\u00f3n sobre tu uso de nuestros servicios, prevenci\u00f3n del fraude y para otras operaciones del sitio.<\/p>\n<p><g id=\"gid_0\"><g id=\"gid_1\">Si no quieres que las Flash Cookies se almacenen en tu ordenador, puedes ajustar la configuraci\u00f3n de tu reproductor Flash para bloquear el almacenamiento de Flash Cookies utilizando las herramientas contenidas en el <\/g><\/g><g id=\"gid_2\"><g id=\"gid_3\"><g id=\"gid_4\"><g id=\"gid_5\">Panel de Configuraci\u00f3n de Almacenamiento del Sitio Web<\/g><\/g><\/g><g id=\"gid_6\">. Tambi\u00e9n puedes controlar las Flash Cookies accediendo al <\/g><g id=\"gid_7\"><g id=\"gid_8\"><g id=\"gid_9\">Panel de Configuraci\u00f3n Global de Almacenamiento<\/g><\/g><\/g><\/g><g id=\"gid_10\"><g id=\"gid_11\"> y <\/g><g id=\"gid_12\"><g id=\"gid_13\">siguiendo las instrucciones (que pueden incluir instrucciones que expliquen, por ejemplo, c\u00f3mo eliminar las Cookies Flash existentes (denominadas \u00abinformaci\u00f3n\u00bb en el sitio de Macromedia), c\u00f3mo evitar que se coloquen LSO Flash en tu ordenador sin que te lo pidan y (para Flash Player 8 y posteriores) c\u00f3mo bloquear las Cookies Flash que no est\u00e9n siendo entregadas por el operador de la p\u00e1gina en la que te encuentres en ese momento).<\/g><\/g><\/g> <\/p>\n<p>Ten en cuenta que configurar Flash Player para restringir o limitar la aceptaci\u00f3n de Cookies Flash puede reducir o impedir la funcionalidad de algunas aplicaciones Flash, incluyendo, potencialmente, las aplicaciones Flash utilizadas en relaci\u00f3n con nuestros servicios o contenidos online.<\/p>\n<p><strong>\u00bfSirves publicidad dirigida?<\/strong><br \/>\nTerceros pueden servir cookies en tu ordenador o dispositivo m\u00f3vil para servir publicidad a trav\u00e9s de nuestro Sitio Web. Estas empresas pueden utilizar informaci\u00f3n sobre tus visitas a este y otros sitios web para ofrecerte anuncios relevantes sobre bienes y servicios en los que puedas estar interesado. Tambi\u00e9n pueden emplear tecnolog\u00eda que se utiliza para medir la eficacia de los anuncios. Pueden lograr esto utilizando cookies o balizas web para recopilar informaci\u00f3n sobre tus visitas a este y otros sitios con el fin de proporcionar anuncios relevantes sobre bienes y servicios de inter\u00e9s potencial para ti. La informaci\u00f3n recopilada a trav\u00e9s de este proceso no nos permite a nosotros ni a ellos identificar tu nombre, datos de contacto u otros detalles que te identifiquen directamente, a menos que decidas proporcionarlos.    <\/p>\n<p><strong>\u00bfCon qu\u00e9 frecuencia actualizar\u00e1s esta Pol\u00edtica de Cookies?<\/strong><br \/>\nPodemos actualizar esta Pol\u00edtica de Cookies de vez en cuando para reflejar, por ejemplo, cambios en las cookies que utilizamos o por otras razones operativas, legales o reglamentarias. Por lo tanto, revisa esta Pol\u00edtica de Cookies con regularidad para mantenerte informado sobre nuestro uso de cookies y tecnolog\u00edas relacionadas. <\/p>\n<p>La fecha en la parte superior de esta Pol\u00edtica de Cookies indica cu\u00e1ndo se actualiz\u00f3 por \u00faltima vez.<\/p>\n<p><strong>\u00bfD\u00f3nde puedo obtener m\u00e1s informaci\u00f3n?<\/strong><br \/>\nSi tienes alguna pregunta sobre nuestro uso de cookies u otras tecnolog\u00edas, env\u00edanos un correo electr\u00f3nico a claire.unwin@rodo.co.uk o por correo postal a:<\/p>\n<p>Rodo Ltd<br \/>\nLumb Lane<br \/>\nDroylsden, Inglaterra M43 7BU<br \/>\nReino Unido<\/p>\n<p>Tel\u00e9fono: (+44)161 371 6400<br \/>\nFax: (+44)161 371 6401<\/p>\n<\/div>\n<div style=\"display: none;\"><\/div>\n<\/div>\n","protected":false},"excerpt":{"rendered":"<p>POL\u00cdTICA DE COOKIES \u00daltima actualizaci\u00f3n 08 de abril de 2026 Esta Pol\u00edtica de Cookies explica c\u00f3mo Rodo Ltd (\u00abEmpresa\u00ab,\u00abnosotros\u00ab,\u00abnos\u00bb y\u00abnuestro\u00ab) utiliza las cookies y tecnolog\u00edas similares para reconocerte cuando visitas nuestro sitio web en https:\/\/prodectools.com (\u00abSitio web\u00ab). Explica qu\u00e9 son estas tecnolog\u00edas y por qu\u00e9 las utilizamos, as\u00ed como tus derechos a controlar el uso [&hellip;]<\/p>\n","protected":false},"author":2,"featured_media":0,"parent":0,"menu_order":0,"comment_status":"closed","ping_status":"closed","template":"","meta":{"footnotes":""},"class_list":["post-569","page","type-page","status-publish","hentry"],"acf":[],"yoast_head":"<!-- This site is optimized with the Yoast SEO Premium plugin v27.3 (Yoast SEO v27.3) - https:\/\/yoast.com\/product\/yoast-seo-premium-wordpress\/ -->\n<title>Pol\u00edtica de cookies - Prodec USA<\/title>\n<meta name=\"description\" content=\"La Pol\u00edtica de Cookies de Rodo Ltd muestra c\u00f3mo utilizamos las cookies para mejorar tu experiencia en nuestro sitio web. Inf\u00f3rmate sobre tus derechos y nuestras pr\u00e1cticas en materia de cookies en nuestra pol\u00edtica.\" \/>\n<meta name=\"robots\" content=\"index, follow, max-snippet:-1, max-image-preview:large, max-video-preview:-1\" \/>\n<link rel=\"canonical\" href=\"https:\/\/prodectools.com\/usa\/es\/cookie-policy\/\" \/>\n<meta property=\"og:locale\" content=\"es_ES\" \/>\n<meta property=\"og:type\" content=\"article\" \/>\n<meta property=\"og:title\" content=\"Pol\u00edtica de cookies\" \/>\n<meta property=\"og:description\" content=\"La Pol\u00edtica de Cookies de Rodo Ltd muestra c\u00f3mo utilizamos las cookies para mejorar tu experiencia en nuestro sitio web. Inf\u00f3rmate sobre tus derechos y nuestras pr\u00e1cticas en materia de cookies en nuestra pol\u00edtica.\" \/>\n<meta property=\"og:url\" content=\"https:\/\/prodectools.com\/usa\/es\/cookie-policy\/\" \/>\n<meta property=\"og:site_name\" content=\"Prodec USA\" \/>\n<meta property=\"article:modified_time\" content=\"2026-04-14T09:01:15+00:00\" \/>\n<meta name=\"twitter:card\" content=\"summary_large_image\" \/>\n<meta name=\"twitter:label1\" content=\"Tiempo de lectura\" \/>\n\t<meta name=\"twitter:data1\" content=\"8 minutos\" \/>\n<script type=\"application\/ld+json\" class=\"yoast-schema-graph\">{\"@context\":\"https:\\\/\\\/schema.org\",\"@graph\":[{\"@type\":\"WebPage\",\"@id\":\"https:\\\/\\\/prodectools.com\\\/usa\\\/es\\\/cookie-policy\\\/\",\"url\":\"https:\\\/\\\/prodectools.com\\\/usa\\\/es\\\/cookie-policy\\\/\",\"name\":\"Pol\u00edtica de cookies - Prodec USA\",\"isPartOf\":{\"@id\":\"https:\\\/\\\/prodectools.com\\\/usa\\\/#website\"},\"datePublished\":\"2025-11-06T10:36:02+00:00\",\"dateModified\":\"2026-04-14T09:01:15+00:00\",\"description\":\"La Pol\u00edtica de Cookies de Rodo Ltd muestra c\u00f3mo utilizamos las cookies para mejorar tu experiencia en nuestro sitio web. Inf\u00f3rmate sobre tus derechos y nuestras pr\u00e1cticas en materia de cookies en nuestra pol\u00edtica.\",\"breadcrumb\":{\"@id\":\"https:\\\/\\\/prodectools.com\\\/usa\\\/es\\\/cookie-policy\\\/#breadcrumb\"},\"inLanguage\":\"es\",\"potentialAction\":[{\"@type\":\"ReadAction\",\"target\":[\"https:\\\/\\\/prodectools.com\\\/usa\\\/es\\\/cookie-policy\\\/\"]}]},{\"@type\":\"BreadcrumbList\",\"@id\":\"https:\\\/\\\/prodectools.com\\\/usa\\\/es\\\/cookie-policy\\\/#breadcrumb\",\"itemListElement\":[{\"@type\":\"ListItem\",\"position\":1,\"name\":\"Home\",\"item\":\"https:\\\/\\\/prodectools.com\\\/usa\\\/es\\\/\"},{\"@type\":\"ListItem\",\"position\":2,\"name\":\"Pol\u00edtica de cookies\"}]},{\"@type\":\"WebSite\",\"@id\":\"https:\\\/\\\/prodectools.com\\\/usa\\\/#website\",\"url\":\"https:\\\/\\\/prodectools.com\\\/usa\\\/\",\"name\":\"www.prodectools.com\",\"description\":\"\",\"publisher\":{\"@id\":\"https:\\\/\\\/prodectools.com\\\/usa\\\/#organization\"},\"potentialAction\":[{\"@type\":\"SearchAction\",\"target\":{\"@type\":\"EntryPoint\",\"urlTemplate\":\"https:\\\/\\\/prodectools.com\\\/usa\\\/?s={search_term_string}\"},\"query-input\":{\"@type\":\"PropertyValueSpecification\",\"valueRequired\":true,\"valueName\":\"search_term_string\"}}],\"inLanguage\":\"es\"},{\"@type\":\"Organization\",\"@id\":\"https:\\\/\\\/prodectools.com\\\/usa\\\/#organization\",\"name\":\"Prodec\",\"url\":\"https:\\\/\\\/prodectools.com\\\/usa\\\/\",\"logo\":{\"@type\":\"ImageObject\",\"inLanguage\":\"es\",\"@id\":\"https:\\\/\\\/prodectools.com\\\/usa\\\/#\\\/schema\\\/logo\\\/image\\\/\",\"url\":\"https:\\\/\\\/prodectools.com\\\/usa\\\/wp-content\\\/uploads\\\/sites\\\/2\\\/2026\\\/02\\\/Prodec-US-Logo-512-x-512-px.jpg\",\"contentUrl\":\"https:\\\/\\\/prodectools.com\\\/usa\\\/wp-content\\\/uploads\\\/sites\\\/2\\\/2026\\\/02\\\/Prodec-US-Logo-512-x-512-px.jpg\",\"width\":\"2133\",\"height\":\"2133\",\"caption\":\"Prodec\"},\"image\":{\"@id\":\"https:\\\/\\\/prodectools.com\\\/usa\\\/#\\\/schema\\\/logo\\\/image\\\/\"}}]}<\/script>\n<!-- \/ Yoast SEO Premium plugin. -->","yoast_head_json":{"title":"Pol\u00edtica de cookies - Prodec USA","description":"La Pol\u00edtica de Cookies de Rodo Ltd muestra c\u00f3mo utilizamos las cookies para mejorar tu experiencia en nuestro sitio web. Inf\u00f3rmate sobre tus derechos y nuestras pr\u00e1cticas en materia de cookies en nuestra pol\u00edtica.","robots":{"index":"index","follow":"follow","max-snippet":"max-snippet:-1","max-image-preview":"max-image-preview:large","max-video-preview":"max-video-preview:-1"},"canonical":"https:\/\/prodectools.com\/usa\/es\/cookie-policy\/","og_locale":"es_ES","og_type":"article","og_title":"Pol\u00edtica de cookies","og_description":"La Pol\u00edtica de Cookies de Rodo Ltd muestra c\u00f3mo utilizamos las cookies para mejorar tu experiencia en nuestro sitio web. Inf\u00f3rmate sobre tus derechos y nuestras pr\u00e1cticas en materia de cookies en nuestra pol\u00edtica.","og_url":"https:\/\/prodectools.com\/usa\/es\/cookie-policy\/","og_site_name":"Prodec USA","article_modified_time":"2026-04-14T09:01:15+00:00","twitter_card":"summary_large_image","twitter_misc":{"Tiempo de lectura":"8 minutos"},"schema":{"@context":"https:\/\/schema.org","@graph":[{"@type":"WebPage","@id":"https:\/\/prodectools.com\/usa\/es\/cookie-policy\/","url":"https:\/\/prodectools.com\/usa\/es\/cookie-policy\/","name":"Pol\u00edtica de cookies - Prodec USA","isPartOf":{"@id":"https:\/\/prodectools.com\/usa\/#website"},"datePublished":"2025-11-06T10:36:02+00:00","dateModified":"2026-04-14T09:01:15+00:00","description":"La Pol\u00edtica de Cookies de Rodo Ltd muestra c\u00f3mo utilizamos las cookies para mejorar tu experiencia en nuestro sitio web. Inf\u00f3rmate sobre tus derechos y nuestras pr\u00e1cticas en materia de cookies en nuestra pol\u00edtica.","breadcrumb":{"@id":"https:\/\/prodectools.com\/usa\/es\/cookie-policy\/#breadcrumb"},"inLanguage":"es","potentialAction":[{"@type":"ReadAction","target":["https:\/\/prodectools.com\/usa\/es\/cookie-policy\/"]}]},{"@type":"BreadcrumbList","@id":"https:\/\/prodectools.com\/usa\/es\/cookie-policy\/#breadcrumb","itemListElement":[{"@type":"ListItem","position":1,"name":"Home","item":"https:\/\/prodectools.com\/usa\/es\/"},{"@type":"ListItem","position":2,"name":"Pol\u00edtica de cookies"}]},{"@type":"WebSite","@id":"https:\/\/prodectools.com\/usa\/#website","url":"https:\/\/prodectools.com\/usa\/","name":"www.prodectools.com","description":"","publisher":{"@id":"https:\/\/prodectools.com\/usa\/#organization"},"potentialAction":[{"@type":"SearchAction","target":{"@type":"EntryPoint","urlTemplate":"https:\/\/prodectools.com\/usa\/?s={search_term_string}"},"query-input":{"@type":"PropertyValueSpecification","valueRequired":true,"valueName":"search_term_string"}}],"inLanguage":"es"},{"@type":"Organization","@id":"https:\/\/prodectools.com\/usa\/#organization","name":"Prodec","url":"https:\/\/prodectools.com\/usa\/","logo":{"@type":"ImageObject","inLanguage":"es","@id":"https:\/\/prodectools.com\/usa\/#\/schema\/logo\/image\/","url":"https:\/\/prodectools.com\/usa\/wp-content\/uploads\/sites\/2\/2026\/02\/Prodec-US-Logo-512-x-512-px.jpg","contentUrl":"https:\/\/prodectools.com\/usa\/wp-content\/uploads\/sites\/2\/2026\/02\/Prodec-US-Logo-512-x-512-px.jpg","width":"2133","height":"2133","caption":"Prodec"},"image":{"@id":"https:\/\/prodectools.com\/usa\/#\/schema\/logo\/image\/"}}]}},"_links":{"self":[{"href":"https:\/\/prodectools.com\/usa\/es\/wp-json\/wp\/v2\/pages\/569","targetHints":{"allow":["GET"]}}],"collection":[{"href":"https:\/\/prodectools.com\/usa\/es\/wp-json\/wp\/v2\/pages"}],"about":[{"href":"https:\/\/prodectools.com\/usa\/es\/wp-json\/wp\/v2\/types\/page"}],"author":[{"embeddable":true,"href":"https:\/\/prodectools.com\/usa\/es\/wp-json\/wp\/v2\/users\/2"}],"replies":[{"embeddable":true,"href":"https:\/\/prodectools.com\/usa\/es\/wp-json\/wp\/v2\/comments?post=569"}],"version-history":[{"count":2,"href":"https:\/\/prodectools.com\/usa\/es\/wp-json\/wp\/v2\/pages\/569\/revisions"}],"predecessor-version":[{"id":791,"href":"https:\/\/prodectools.com\/usa\/es\/wp-json\/wp\/v2\/pages\/569\/revisions\/791"}],"wp:attachment":[{"href":"https:\/\/prodectools.com\/usa\/es\/wp-json\/wp\/v2\/media?parent=569"}],"curies":[{"name":"wp","href":"https:\/\/api.w.org\/{rel}","templated":true}]}}