{"id":152,"date":"2025-11-06T12:11:51","date_gmt":"2025-11-06T12:11:51","guid":{"rendered":"https:\/\/prodectools.com.platformstaging.co.uk\/ca\/?page_id=152"},"modified":"2026-03-30T19:43:25","modified_gmt":"2026-03-30T19:43:25","slug":"our-code-of-ethics","status":"publish","type":"page","link":"https:\/\/prodectools.com\/ca\/our-code-of-ethics\/","title":{"rendered":"Our Code of Ethics"},"content":{"rendered":"<p>L\u2019approvisionnement responsable n\u2019est pas simplement une case \u00e0 cocher, c\u2019est une d\u00e9cision consciente et une chose \u00e0 prendre au s\u00e9rieux.<\/p>\n<h3>SEDEX<\/h3>\n<p>Rodo est membre de Sedex, une organisation qui \u0153uvre pour l&#8217;am\u00e9lioration des conditions de travail dans le monde entier. Ce ne sont pas seulement nos fournisseurs qui font l&#8217;objet de visites ind\u00e9pendantes pour v\u00e9rifier la s\u00e9curit\u00e9 des usines, le bien-\u00eatre des employ\u00e9s et leur r\u00e9mun\u00e9ration \u00e9quitable\u00a0: notre propre site au Royaume-Uni est \u00e9galement audit\u00e9 pour la tranquillit\u00e9 d&#8217;esprit de nos clients.<\/p>\n<h3>Sur le terrain<\/h3>\n<p>En mati\u00e8re d&#8217;approvisionnement, il est essentiel de bien conna\u00eetre ses partenaires, et cela va bien au-del\u00e0 d&#8217;un simple produit et d&#8217;une adresse e-mail. Notre \u00e9quipe d&#8217;approvisionnement rend r\u00e9guli\u00e8rement visite \u00e0 nos fournisseurs actuels et, avant de collaborer avec un nouveau fournisseur, nous visitons syst\u00e9matiquement son usine, aussi \u00e9loign\u00e9e soit-elle et aussi long que soit le trajet, afin de mener nos propres v\u00e9rifications et de nous assurer qu&#8217;il partage nos valeurs d&#8217;honn\u00eatet\u00e9, d&#8217;int\u00e9grit\u00e9 et d&#8217;\u00e9quit\u00e9.<\/p>\n<h3>Politique de conformit\u00e9 sociale<\/h3>\n<p>Notre approche consiste \u00e0 collaborer \u00e9troitement avec nos clients et fournisseurs afin de garantir la qualit\u00e9 et la satisfaction optimales de nos produits et services.<\/p>\n<p>Nous nous engageons \u00e0:<\/p>\n<ul>\n<li>Nous travaillons avec d\u00e9vouement et innovation, en pla\u00e7ant le client au c\u0153ur de nos pr\u00e9occupations.<\/li>\n<li>Nous agissons avec int\u00e9grit\u00e9, honn\u00eatet\u00e9 et sinc\u00e9rit\u00e9, en respectant des normes \u00e9thiques et morales rigoureuses.<\/li>\n<li>Nous favorisons une culture d&#8217;entreprise qui encourage l&#8217;\u00e9panouissement individuel, l&#8217;esprit d&#8217;\u00e9quipe et investit pour relever les d\u00e9fis et atteindre nos objectifs.<\/li>\n<li>Nous \u0153uvrons ensemble \u00e0 la croissance de nos clients, fournisseurs et collaborateurs.<\/li>\n<\/ul>\n<p>Afin d&#8217;atteindre cet objectif, nous avons \u00e9labor\u00e9 cette politique de conformit\u00e9 sociale en nous appuyant sur le code de base ETI, reconnu internationalement.<\/p>\n<p>Les normes d\u00e9crites ci-dessous pr\u00e9sentent les valeurs que nous d\u00e9fendons dans nos politiques et nous attendons de nos fournisseurs qu&#8217;ils respectent ces normes et exigences.<\/p>\n<ul>\n<li>Le travail est librement choisi \u2013 voir \u00e9galement notre d\u00e9claration relative \u00e0 l&#8217;esclavage moderne.<\/li>\n<li>Libert\u00e9 d&#8217;association<\/li>\n<li>Des conditions de travail s\u00fbres et hygi\u00e9niques sont garanties.<\/li>\n<li>Rodo ne pratique ni ne soutient le travail des enfants.<\/li>\n<li>Un salaire \u00e9quitable est vers\u00e9.<\/li>\n<li>Les horaires de travail sont conformes \u00e0 la l\u00e9gislation nationale et aux normes du secteur.<\/li>\n<li>Aucune discrimination n&#8217;est pratiqu\u00e9e.<\/li>\n<li>Un emploi stable est garanti.<\/li>\n<li>Aucun traitement cruel ou inhumain n&#8217;est tol\u00e9r\u00e9.<\/li>\n<li>Protection de l&#8217;environnement.<\/li>\n<\/ul>\n<h3>Environnement<\/h3>\n<p>Avec des millions de produits vendus chaque ann\u00e9e, nous prenons notre responsabilit\u00e9 environnementale tr\u00e8s au s\u00e9rieux. Nous nous engageons \u00e0 r\u00e9duire la quantit\u00e9 d&#8217;emballages de nos produits et \u00e0 \u00e9liminer ou minimiser l&#8217;utilisation du plastique, tout en veillant \u00e0 ce que celui-ci soit enti\u00e8rement recyclable. Rodo est \u00e9galement membre d&#8217;OPRL, une organisation ind\u00e9pendante qui \u0153uvre pour une communication claire et coh\u00e9rente sur le recyclage, et nous collaborons avec elle afin de garantir la clart\u00e9 de notre propre message.<\/p>\n","protected":false},"excerpt":{"rendered":"<p>L\u2019approvisionnement responsable n\u2019est pas simplement une case \u00e0 cocher, c\u2019est une d\u00e9cision consciente et une chose \u00e0 prendre au s\u00e9rieux. SEDEX Rodo est membre de Sedex, une organisation qui \u0153uvre pour l&#8217;am\u00e9lioration des conditions de travail dans le monde entier. Ce ne sont pas seulement nos fournisseurs qui font l&#8217;objet de visites ind\u00e9pendantes pour v\u00e9rifier [&hellip;]<\/p>\n","protected":false},"author":3,"featured_media":0,"parent":0,"menu_order":0,"comment_status":"closed","ping_status":"closed","template":"","meta":{"footnotes":""},"class_list":["post-152","page","type-page","status-publish","hentry"],"acf":[],"yoast_head":"<!-- This site is optimized with the Yoast SEO Premium plugin v27.3 (Yoast SEO v27.3) - https:\/\/yoast.com\/product\/yoast-seo-premium-wordpress\/ -->\n<title>Our Code of Ethics - Prodec Canada<\/title>\n<meta name=\"robots\" content=\"index, follow, max-snippet:-1, max-image-preview:large, max-video-preview:-1\" \/>\n<link rel=\"canonical\" href=\"https:\/\/prodectools.com\/ca\/our-code-of-ethics\/\" \/>\n<meta property=\"og:locale\" content=\"en_US\" \/>\n<meta property=\"og:type\" content=\"article\" \/>\n<meta property=\"og:title\" content=\"Our Code of Ethics\" \/>\n<meta property=\"og:description\" content=\"L\u2019approvisionnement responsable n\u2019est pas simplement une case \u00e0 cocher, c\u2019est une d\u00e9cision consciente et une chose \u00e0 prendre au s\u00e9rieux. SEDEX Rodo est membre de Sedex, une organisation qui \u0153uvre pour l&#8217;am\u00e9lioration des conditions de travail dans le monde entier. Ce ne sont pas seulement nos fournisseurs qui font l&#8217;objet de visites ind\u00e9pendantes pour v\u00e9rifier [&hellip;]\" \/>\n<meta property=\"og:url\" content=\"https:\/\/prodectools.com\/ca\/our-code-of-ethics\/\" \/>\n<meta property=\"og:site_name\" content=\"Prodec Canada\" \/>\n<meta property=\"article:modified_time\" content=\"2026-03-30T19:43:25+00:00\" \/>\n<meta name=\"twitter:card\" content=\"summary_large_image\" \/>\n<meta name=\"twitter:label1\" content=\"Est. reading time\" \/>\n\t<meta name=\"twitter:data1\" content=\"2 minutes\" \/>\n<script type=\"application\/ld+json\" class=\"yoast-schema-graph\">{\"@context\":\"https:\\\/\\\/schema.org\",\"@graph\":[{\"@type\":\"WebPage\",\"@id\":\"https:\\\/\\\/prodectools.com\\\/ca\\\/our-code-of-ethics\\\/\",\"url\":\"https:\\\/\\\/prodectools.com\\\/ca\\\/our-code-of-ethics\\\/\",\"name\":\"Our Code of Ethics - Prodec Canada\",\"isPartOf\":{\"@id\":\"https:\\\/\\\/prodectools.com\\\/ca\\\/#website\"},\"datePublished\":\"2025-11-06T12:11:51+00:00\",\"dateModified\":\"2026-03-30T19:43:25+00:00\",\"breadcrumb\":{\"@id\":\"https:\\\/\\\/prodectools.com\\\/ca\\\/our-code-of-ethics\\\/#breadcrumb\"},\"inLanguage\":\"en-US\",\"potentialAction\":[{\"@type\":\"ReadAction\",\"target\":[\"https:\\\/\\\/prodectools.com\\\/ca\\\/our-code-of-ethics\\\/\"]}]},{\"@type\":\"BreadcrumbList\",\"@id\":\"https:\\\/\\\/prodectools.com\\\/ca\\\/our-code-of-ethics\\\/#breadcrumb\",\"itemListElement\":[{\"@type\":\"ListItem\",\"position\":1,\"name\":\"Home\",\"item\":\"https:\\\/\\\/prodectools.com\\\/ca\\\/\"},{\"@type\":\"ListItem\",\"position\":2,\"name\":\"Our Code of Ethics\"}]},{\"@type\":\"WebSite\",\"@id\":\"https:\\\/\\\/prodectools.com\\\/ca\\\/#website\",\"url\":\"https:\\\/\\\/prodectools.com\\\/ca\\\/\",\"name\":\"Prodec Canada\",\"description\":\"\",\"potentialAction\":[{\"@type\":\"SearchAction\",\"target\":{\"@type\":\"EntryPoint\",\"urlTemplate\":\"https:\\\/\\\/prodectools.com\\\/ca\\\/?s={search_term_string}\"},\"query-input\":{\"@type\":\"PropertyValueSpecification\",\"valueRequired\":true,\"valueName\":\"search_term_string\"}}],\"inLanguage\":\"en-US\"}]}<\/script>\n<!-- \/ Yoast SEO Premium plugin. -->","yoast_head_json":{"title":"Our Code of Ethics - Prodec Canada","robots":{"index":"index","follow":"follow","max-snippet":"max-snippet:-1","max-image-preview":"max-image-preview:large","max-video-preview":"max-video-preview:-1"},"canonical":"https:\/\/prodectools.com\/ca\/our-code-of-ethics\/","og_locale":"en_US","og_type":"article","og_title":"Our Code of Ethics","og_description":"L\u2019approvisionnement responsable n\u2019est pas simplement une case \u00e0 cocher, c\u2019est une d\u00e9cision consciente et une chose \u00e0 prendre au s\u00e9rieux. SEDEX Rodo est membre de Sedex, une organisation qui \u0153uvre pour l&#8217;am\u00e9lioration des conditions de travail dans le monde entier. Ce ne sont pas seulement nos fournisseurs qui font l&#8217;objet de visites ind\u00e9pendantes pour v\u00e9rifier [&hellip;]","og_url":"https:\/\/prodectools.com\/ca\/our-code-of-ethics\/","og_site_name":"Prodec Canada","article_modified_time":"2026-03-30T19:43:25+00:00","twitter_card":"summary_large_image","twitter_misc":{"Est. reading time":"2 minutes"},"schema":{"@context":"https:\/\/schema.org","@graph":[{"@type":"WebPage","@id":"https:\/\/prodectools.com\/ca\/our-code-of-ethics\/","url":"https:\/\/prodectools.com\/ca\/our-code-of-ethics\/","name":"Our Code of Ethics - Prodec Canada","isPartOf":{"@id":"https:\/\/prodectools.com\/ca\/#website"},"datePublished":"2025-11-06T12:11:51+00:00","dateModified":"2026-03-30T19:43:25+00:00","breadcrumb":{"@id":"https:\/\/prodectools.com\/ca\/our-code-of-ethics\/#breadcrumb"},"inLanguage":"en-US","potentialAction":[{"@type":"ReadAction","target":["https:\/\/prodectools.com\/ca\/our-code-of-ethics\/"]}]},{"@type":"BreadcrumbList","@id":"https:\/\/prodectools.com\/ca\/our-code-of-ethics\/#breadcrumb","itemListElement":[{"@type":"ListItem","position":1,"name":"Home","item":"https:\/\/prodectools.com\/ca\/"},{"@type":"ListItem","position":2,"name":"Our Code of Ethics"}]},{"@type":"WebSite","@id":"https:\/\/prodectools.com\/ca\/#website","url":"https:\/\/prodectools.com\/ca\/","name":"Prodec Canada","description":"","potentialAction":[{"@type":"SearchAction","target":{"@type":"EntryPoint","urlTemplate":"https:\/\/prodectools.com\/ca\/?s={search_term_string}"},"query-input":{"@type":"PropertyValueSpecification","valueRequired":true,"valueName":"search_term_string"}}],"inLanguage":"en-US"}]}},"_links":{"self":[{"href":"https:\/\/prodectools.com\/ca\/wp-json\/wp\/v2\/pages\/152","targetHints":{"allow":["GET"]}}],"collection":[{"href":"https:\/\/prodectools.com\/ca\/wp-json\/wp\/v2\/pages"}],"about":[{"href":"https:\/\/prodectools.com\/ca\/wp-json\/wp\/v2\/types\/page"}],"author":[{"embeddable":true,"href":"https:\/\/prodectools.com\/ca\/wp-json\/wp\/v2\/users\/3"}],"replies":[{"embeddable":true,"href":"https:\/\/prodectools.com\/ca\/wp-json\/wp\/v2\/comments?post=152"}],"version-history":[{"count":4,"href":"https:\/\/prodectools.com\/ca\/wp-json\/wp\/v2\/pages\/152\/revisions"}],"predecessor-version":[{"id":640,"href":"https:\/\/prodectools.com\/ca\/wp-json\/wp\/v2\/pages\/152\/revisions\/640"}],"wp:attachment":[{"href":"https:\/\/prodectools.com\/ca\/wp-json\/wp\/v2\/media?parent=152"}],"curies":[{"name":"wp","href":"https:\/\/api.w.org\/{rel}","templated":true}]}}