{"id":555,"date":"2025-11-06T12:11:51","date_gmt":"2025-11-06T12:11:51","guid":{"rendered":"https:\/\/prodectools.com\/ca\/notre-code-dethique\/"},"modified":"2026-03-30T09:53:07","modified_gmt":"2026-03-30T09:53:07","slug":"notre-code-dethique","status":"publish","type":"page","link":"https:\/\/prodectools.com\/ca\/fr\/notre-code-dethique\/","title":{"rendered":"Notre code d&rsquo;\u00e9thique"},"content":{"rendered":"<p>L\u2019approvisionnement responsable n\u2019est pas une simple formalit\u00e9, c\u2019est un choix d\u00e9lib\u00e9r\u00e9 et une d\u00e9marche essentielle.<\/p>\n<h3>SEDEX<\/h3>\n<p>Rodo est membre de Sedex, une organisation qui \u0153uvre pour l\u2019am\u00e9lioration des conditions de travail dans le monde entier. Nous ne nous contentons pas de visiter nos fournisseurs pour v\u00e9rifier la s\u00e9curit\u00e9 des usines, le bien-\u00eatre des employ\u00e9s et leur r\u00e9mun\u00e9ration \u00e9quitable\u00a0: notre propre site au Royaume-Uni fait \u00e9galement l\u2019objet d\u2019un audit pour la tranquillit\u00e9 d\u2019esprit de nos clients.<\/p>\n<h3>Sur le terrain<\/h3>\n<p>En mati\u00e8re d\u2019approvisionnement, il est crucial de bien conna\u00eetre ses partenaires, et cela va bien au-del\u00e0 d\u2019un simple produit et d\u2019une adresse e-mail. Notre \u00e9quipe d\u2019approvisionnement visite r\u00e9guli\u00e8rement nos fournisseurs actuels et, avant de collaborer avec un nouveau fournisseur, nous visitons syst\u00e9matiquement son usine, quelle que soit sa distance ou la dur\u00e9e du trajet, afin de mener nos propres v\u00e9rifications et de nous assurer qu\u2019il partage nos valeurs d\u2019honn\u00eatet\u00e9, d\u2019int\u00e9grit\u00e9 et d\u2019\u00e9quit\u00e9.<\/p>\n<h3>Politique de conformit\u00e9 sociale<\/h3>\n<p>Notre approche consiste \u00e0 travailler en \u00e9troite collaboration avec nos clients et nos fournisseurs afin de garantir la meilleure qualit\u00e9 et la plus grande satisfaction possible concernant nos produits et services.<\/p>\n<p>Nous nous engageons \u00e0\u00a0:<\/p>\n<ul>\n<li>Travailler avec d\u00e9vouement et innovation, en pla\u00e7ant le client au c\u0153ur de nos pr\u00e9occupations.<\/li>\n<li>Agir avec int\u00e9grit\u00e9, honn\u00eatet\u00e9 et sinc\u00e9rit\u00e9 en respectant les normes \u00e9thiques et morales.<\/li>\n<li>Promouvoir une culture d&rsquo;entreprise qui favorise l&rsquo;\u00e9panouissement individuel, l&rsquo;esprit d&rsquo;\u00e9quipe et les investissements n\u00e9cessaires pour relever les d\u00e9fis et atteindre nos objectifs.<\/li>\n<li>Cro\u00eetre avec nos clients, fournisseurs et collaborateurs.<\/li>\n<\/ul>\n<p>Pour ce faire, nous avons \u00e9labor\u00e9 cette politique de conformit\u00e9 sociale, fond\u00e9e sur le code de base ETI, reconnu internationalement.<\/p>\n<p>Les normes d\u00e9crites ci-dessous pr\u00e9sentent les valeurs que nous d\u00e9fendons dans nos politiques et nous attendons de nos fournisseurs qu&rsquo;ils respectent ces normes et exigences\u00a0:<\/p>\n<ul>\n<li>Le travail est librement choisi \u2013 voir \u00e9galement notre D\u00e9claration relative \u00e0 l&rsquo;esclavage moderne<\/li>\n<li>Libert\u00e9 d&rsquo;association<\/li>\n<li>Des conditions de travail s\u00fbres et hygi\u00e9niques sont garanties<\/li>\n<li>Rodo ne pratique ni ne soutient le travail des enfants<\/li>\n<li>Un salaire \u00e9quitable est vers\u00e9<\/li>\n<li>Les horaires de travail sont conformes \u00e0 la l\u00e9gislation nationale et aux normes sectorielles de r\u00e9f\u00e9rence<\/li>\n<li>Aucune discrimination n&rsquo;est pratiqu\u00e9e<\/li>\n<li>Un emploi stable est garanti<\/li>\n<li>Aucun traitement cruel ou inhumain n&rsquo;est tol\u00e9r\u00e9<\/li>\n<li>Protection de l&rsquo;environnement<\/li>\n<\/ul>\n<h3>Environnement<\/h3>\n<p>Avec des millions de produits vendus chaque ann\u00e9e, nous prenons notre responsabilit\u00e9 environnementale tr\u00e8s au s\u00e9rieux. Nous nous engageons \u00e0 r\u00e9duire la quantit\u00e9 d&#8217;emballages de nos produits et \u00e0 supprimer ou minimiser le plastique, tout en veillant \u00e0 ce que le plastique utilis\u00e9 soit enti\u00e8rement recyclable. Rodo est \u00e9galement membre d&rsquo;OPRL, une organisation ind\u00e9pendante qui \u0153uvre \u00e0 diffuser des messages de recyclage simples et coh\u00e9rents, et nous collaborons avec elle pour garantir la clart\u00e9 de notre message.<\/p>\n","protected":false},"excerpt":{"rendered":"<p>L\u2019approvisionnement responsable n\u2019est pas une simple formalit\u00e9, c\u2019est un choix d\u00e9lib\u00e9r\u00e9 et une d\u00e9marche essentielle. SEDEX Rodo est membre de Sedex, une organisation qui \u0153uvre pour l\u2019am\u00e9lioration des conditions de travail dans le monde entier. Nous ne nous contentons pas de visiter nos fournisseurs pour v\u00e9rifier la s\u00e9curit\u00e9 des usines, le bien-\u00eatre des employ\u00e9s et [&hellip;]<\/p>\n","protected":false},"author":3,"featured_media":0,"parent":0,"menu_order":0,"comment_status":"closed","ping_status":"closed","template":"","meta":{"footnotes":""},"class_list":["post-555","page","type-page","status-publish","hentry"],"acf":[],"yoast_head":"<!-- This site is optimized with the Yoast SEO Premium plugin v27.3 (Yoast SEO v27.3) - https:\/\/yoast.com\/product\/yoast-seo-premium-wordpress\/ -->\n<title>Notre code d&#039;\u00e9thique - Prodec Canada<\/title>\n<meta name=\"robots\" content=\"index, follow, max-snippet:-1, max-image-preview:large, max-video-preview:-1\" \/>\n<link rel=\"canonical\" href=\"https:\/\/prodectools.com\/ca\/fr\/notre-code-dethique\/\" \/>\n<meta property=\"og:locale\" content=\"fr_FR\" \/>\n<meta property=\"og:type\" content=\"article\" \/>\n<meta property=\"og:title\" content=\"Notre code d&#039;\u00e9thique\" \/>\n<meta property=\"og:description\" content=\"L\u2019approvisionnement responsable n\u2019est pas une simple formalit\u00e9, c\u2019est un choix d\u00e9lib\u00e9r\u00e9 et une d\u00e9marche essentielle. SEDEX Rodo est membre de Sedex, une organisation qui \u0153uvre pour l\u2019am\u00e9lioration des conditions de travail dans le monde entier. Nous ne nous contentons pas de visiter nos fournisseurs pour v\u00e9rifier la s\u00e9curit\u00e9 des usines, le bien-\u00eatre des employ\u00e9s et [&hellip;]\" \/>\n<meta property=\"og:url\" content=\"https:\/\/prodectools.com\/ca\/fr\/notre-code-dethique\/\" \/>\n<meta property=\"og:site_name\" content=\"Prodec Canada\" \/>\n<meta property=\"article:modified_time\" content=\"2026-03-30T09:53:07+00:00\" \/>\n<meta name=\"twitter:card\" content=\"summary_large_image\" \/>\n<meta name=\"twitter:label1\" content=\"Dur\u00e9e de lecture estim\u00e9e\" \/>\n\t<meta name=\"twitter:data1\" content=\"2 minutes\" \/>\n<script type=\"application\/ld+json\" class=\"yoast-schema-graph\">{\"@context\":\"https:\\\/\\\/schema.org\",\"@graph\":[{\"@type\":\"WebPage\",\"@id\":\"https:\\\/\\\/prodectools.com\\\/ca\\\/fr\\\/notre-code-dethique\\\/\",\"url\":\"https:\\\/\\\/prodectools.com\\\/ca\\\/fr\\\/notre-code-dethique\\\/\",\"name\":\"Notre code d'\u00e9thique - Prodec Canada\",\"isPartOf\":{\"@id\":\"https:\\\/\\\/prodectools.com\\\/ca\\\/#website\"},\"datePublished\":\"2025-11-06T12:11:51+00:00\",\"dateModified\":\"2026-03-30T09:53:07+00:00\",\"breadcrumb\":{\"@id\":\"https:\\\/\\\/prodectools.com\\\/ca\\\/fr\\\/notre-code-dethique\\\/#breadcrumb\"},\"inLanguage\":\"fr-FR\",\"potentialAction\":[{\"@type\":\"ReadAction\",\"target\":[\"https:\\\/\\\/prodectools.com\\\/ca\\\/fr\\\/notre-code-dethique\\\/\"]}]},{\"@type\":\"BreadcrumbList\",\"@id\":\"https:\\\/\\\/prodectools.com\\\/ca\\\/fr\\\/notre-code-dethique\\\/#breadcrumb\",\"itemListElement\":[{\"@type\":\"ListItem\",\"position\":1,\"name\":\"Home\",\"item\":\"https:\\\/\\\/prodectools.com\\\/ca\\\/fr\\\/\"},{\"@type\":\"ListItem\",\"position\":2,\"name\":\"Notre code d&#8217;\u00e9thique\"}]},{\"@type\":\"WebSite\",\"@id\":\"https:\\\/\\\/prodectools.com\\\/ca\\\/#website\",\"url\":\"https:\\\/\\\/prodectools.com\\\/ca\\\/\",\"name\":\"Prodec Canada\",\"description\":\"\",\"potentialAction\":[{\"@type\":\"SearchAction\",\"target\":{\"@type\":\"EntryPoint\",\"urlTemplate\":\"https:\\\/\\\/prodectools.com\\\/ca\\\/?s={search_term_string}\"},\"query-input\":{\"@type\":\"PropertyValueSpecification\",\"valueRequired\":true,\"valueName\":\"search_term_string\"}}],\"inLanguage\":\"fr-FR\"}]}<\/script>\n<!-- \/ Yoast SEO Premium plugin. -->","yoast_head_json":{"title":"Notre code d'\u00e9thique - Prodec Canada","robots":{"index":"index","follow":"follow","max-snippet":"max-snippet:-1","max-image-preview":"max-image-preview:large","max-video-preview":"max-video-preview:-1"},"canonical":"https:\/\/prodectools.com\/ca\/fr\/notre-code-dethique\/","og_locale":"fr_FR","og_type":"article","og_title":"Notre code d'\u00e9thique","og_description":"L\u2019approvisionnement responsable n\u2019est pas une simple formalit\u00e9, c\u2019est un choix d\u00e9lib\u00e9r\u00e9 et une d\u00e9marche essentielle. SEDEX Rodo est membre de Sedex, une organisation qui \u0153uvre pour l\u2019am\u00e9lioration des conditions de travail dans le monde entier. Nous ne nous contentons pas de visiter nos fournisseurs pour v\u00e9rifier la s\u00e9curit\u00e9 des usines, le bien-\u00eatre des employ\u00e9s et [&hellip;]","og_url":"https:\/\/prodectools.com\/ca\/fr\/notre-code-dethique\/","og_site_name":"Prodec Canada","article_modified_time":"2026-03-30T09:53:07+00:00","twitter_card":"summary_large_image","twitter_misc":{"Dur\u00e9e de lecture estim\u00e9e":"2 minutes"},"schema":{"@context":"https:\/\/schema.org","@graph":[{"@type":"WebPage","@id":"https:\/\/prodectools.com\/ca\/fr\/notre-code-dethique\/","url":"https:\/\/prodectools.com\/ca\/fr\/notre-code-dethique\/","name":"Notre code d'\u00e9thique - Prodec Canada","isPartOf":{"@id":"https:\/\/prodectools.com\/ca\/#website"},"datePublished":"2025-11-06T12:11:51+00:00","dateModified":"2026-03-30T09:53:07+00:00","breadcrumb":{"@id":"https:\/\/prodectools.com\/ca\/fr\/notre-code-dethique\/#breadcrumb"},"inLanguage":"fr-FR","potentialAction":[{"@type":"ReadAction","target":["https:\/\/prodectools.com\/ca\/fr\/notre-code-dethique\/"]}]},{"@type":"BreadcrumbList","@id":"https:\/\/prodectools.com\/ca\/fr\/notre-code-dethique\/#breadcrumb","itemListElement":[{"@type":"ListItem","position":1,"name":"Home","item":"https:\/\/prodectools.com\/ca\/fr\/"},{"@type":"ListItem","position":2,"name":"Notre code d&#8217;\u00e9thique"}]},{"@type":"WebSite","@id":"https:\/\/prodectools.com\/ca\/#website","url":"https:\/\/prodectools.com\/ca\/","name":"Prodec Canada","description":"","potentialAction":[{"@type":"SearchAction","target":{"@type":"EntryPoint","urlTemplate":"https:\/\/prodectools.com\/ca\/?s={search_term_string}"},"query-input":{"@type":"PropertyValueSpecification","valueRequired":true,"valueName":"search_term_string"}}],"inLanguage":"fr-FR"}]}},"_links":{"self":[{"href":"https:\/\/prodectools.com\/ca\/fr\/wp-json\/wp\/v2\/pages\/555","targetHints":{"allow":["GET"]}}],"collection":[{"href":"https:\/\/prodectools.com\/ca\/fr\/wp-json\/wp\/v2\/pages"}],"about":[{"href":"https:\/\/prodectools.com\/ca\/fr\/wp-json\/wp\/v2\/types\/page"}],"author":[{"embeddable":true,"href":"https:\/\/prodectools.com\/ca\/fr\/wp-json\/wp\/v2\/users\/3"}],"replies":[{"embeddable":true,"href":"https:\/\/prodectools.com\/ca\/fr\/wp-json\/wp\/v2\/comments?post=555"}],"version-history":[{"count":2,"href":"https:\/\/prodectools.com\/ca\/fr\/wp-json\/wp\/v2\/pages\/555\/revisions"}],"predecessor-version":[{"id":625,"href":"https:\/\/prodectools.com\/ca\/fr\/wp-json\/wp\/v2\/pages\/555\/revisions\/625"}],"wp:attachment":[{"href":"https:\/\/prodectools.com\/ca\/fr\/wp-json\/wp\/v2\/media?parent=555"}],"curies":[{"name":"wp","href":"https:\/\/api.w.org\/{rel}","templated":true}]}}