{"id":524,"date":"2025-11-06T10:36:02","date_gmt":"2025-11-06T10:36:02","guid":{"rendered":"https:\/\/prodectools.com\/ca\/cookie-policy\/"},"modified":"2026-04-14T09:09:28","modified_gmt":"2026-04-14T09:09:28","slug":"cookie-policy","status":"publish","type":"page","link":"https:\/\/prodectools.com\/ca\/fr\/cookie-policy\/","title":{"rendered":"Politique en mati\u00e8re de cookies"},"content":{"rendered":"<h3><strong>POLITIQUE EN MATI\u00c8RE DE COOKIES<\/strong><\/h3>\n<p><strong>Derni\u00e8re mise \u00e0 jour le 08 avril 2026<\/strong><\/p>\n<p>Cette politique en mati\u00e8re de cookies explique comment Rodo Ltd (\u00ab\u00a0Soci\u00e9t\u00e9\u00a0\u00bb, \u00ab\u00a0nous\u00a0\u00bb, \u00ab\u00a0notre\u00a0\u00bb et \u00ab\u00a0nos\u00a0\u00bb) utilise des cookies et des technologies similaires pour vous reconna\u00eetre lorsque vous visitez notre site Internet \u00e0 l&rsquo;adresse https:\/\/prodectools.com (\u00ab\u00a0Site Internet\u00a0\u00bb). Elle explique ce que sont ces technologies et pourquoi nous les utilisons, ainsi que vos droits de contr\u00f4ler l&rsquo;utilisation que nous en faisons. <\/p>\n<p>Dans certains cas, nous pouvons utiliser des cookies pour collecter des informations personnelles, ou qui deviennent des informations personnelles si nous les combinons avec d&rsquo;autres informations.<\/p>\n<h4><strong>Qu&rsquo;est-ce qu&rsquo;un biscuit ?<\/strong><\/h4>\n<p>Les cookies sont de petits fichiers de donn\u00e9es qui sont plac\u00e9s sur votre ordinateur ou votre appareil mobile lorsque vous visitez un site web. Les cookies sont largement utilis\u00e9s par les propri\u00e9taires de sites web pour faire fonctionner leurs sites, ou les faire fonctionner plus efficacement, ainsi que pour fournir des informations de rapport. <\/p>\n<p>Les cookies mis en place par le propri\u00e9taire du site web (dans ce cas, Rodo Ltd) sont appel\u00e9s \u00ab\u00a0cookies de premi\u00e8re partie\u00a0\u00bb. Les cookies mis en place par des parties autres que le propri\u00e9taire du site web sont appel\u00e9s \u00ab\u00a0cookies de tiers\u00a0\u00bb. Les cookies de tierce partie permettent de fournir des caract\u00e9ristiques ou des fonctionnalit\u00e9s de tierce partie sur ou via le site web (par exemple, la publicit\u00e9, le contenu interactif et les analyses). Les parties qui d\u00e9finissent ces cookies tiers peuvent reconna\u00eetre votre ordinateur lorsqu&rsquo;il visite le site web en question et \u00e9galement lorsqu&rsquo;il visite certains autres sites web.   <\/p>\n<p><strong>Pourquoi utilisons-nous des cookies ?<\/strong><br \/>\nNous utilisons des cookies de premi\u00e8re et de tierce partie pour plusieurs raisons. Certains cookies sont n\u00e9cessaires pour des raisons techniques afin que notre site web fonctionne, et nous les appelons cookies \u00ab\u00a0essentiels\u00a0\u00bb ou \u00ab\u00a0strictement n\u00e9cessaires\u00a0\u00bb. D&rsquo;autres cookies nous permettent \u00e9galement de suivre et de cibler les int\u00e9r\u00eats de nos utilisateurs afin d&rsquo;am\u00e9liorer l&rsquo;exp\u00e9rience sur nos propri\u00e9t\u00e9s en ligne. Des tiers utilisent des cookies sur notre site web \u00e0 des fins de publicit\u00e9, d&rsquo;analyse et autres. Ces cookies sont d\u00e9crits plus en d\u00e9tail ci-dessous.    <\/p>\n<p><strong>Comment puis-je contr\u00f4ler les cookies ?<\/strong><br \/>\nVous avez le droit d&rsquo;accepter ou de refuser les cookies. Vous pouvez exercer vos droits en mati\u00e8re de cookies en d\u00e9finissant vos pr\u00e9f\u00e9rences dans le centre de pr\u00e9f\u00e9rences en mati\u00e8re de cookies. Le Centre de pr\u00e9f\u00e9rences en mati\u00e8re de cookies vous permet de s\u00e9lectionner les cat\u00e9gories de cookies que vous acceptez ou refusez. Les cookies essentiels ne peuvent pas \u00eatre rejet\u00e9s car ils sont strictement n\u00e9cessaires pour vous fournir des services.   <\/p>\n<p>Le centre de pr\u00e9f\u00e9rence pour les cookies se trouve dans la banni\u00e8re de notification et sur notre site web. Si vous choisissez de refuser les cookies, vous pouvez toujours utiliser notre site web, mais votre acc\u00e8s \u00e0 certaines fonctionnalit\u00e9s et zones de notre site web peut \u00eatre limit\u00e9. Vous pouvez \u00e9galement configurer ou modifier les contr\u00f4les de votre navigateur web pour accepter ou refuser les cookies.<br \/>\nLes types sp\u00e9cifiques de cookies de premi\u00e8re et de tierce parties utilis\u00e9s sur notre site web et les objectifs qu&rsquo;ils poursuivent sont d\u00e9crits dans le tableau ci-dessous (veuillez noter que les cookies sp\u00e9cifiques utilis\u00e9s peuvent varier en fonction des propri\u00e9t\u00e9s en ligne sp\u00e9cifiques que vous visitez) :  <\/p>\n<p><strong>Cookies de performance et de fonctionnalit\u00e9 :<\/strong><\/p>\n<p>Ces cookies sont utilis\u00e9s pour am\u00e9liorer les performances et la fonctionnalit\u00e9 de notre site web, mais ne sont pas essentiels \u00e0 son utilisation. Toutefois, sans ces cookies, certaines fonctionnalit\u00e9s (comme les vid\u00e9os) peuvent devenir indisponibles. <\/p>\n<p>Nom : wpEmojiSettingsSupports<br \/>\nObjet : Ce cookie est utilis\u00e9 pour activer la prise en charge des emoji sur les pages utilisant WordPress.<br \/>\nProvider : prodectools.com<br \/>\nService : .voices.com<br \/>\nType : html_session_storage<br \/>\nExpires in : session<br \/>\nAnalytics and customization cookies :<\/p>\n<p>Ces cookies collectent des informations qui sont utilis\u00e9es soit sous forme agr\u00e9g\u00e9e pour nous aider \u00e0 comprendre comment notre site web est utilis\u00e9 ou quelle est l&rsquo;efficacit\u00e9 de nos campagnes de marketing, soit pour nous aider \u00e0 personnaliser notre site web pour vous.<\/p>\n<p>Nom : _ga<br \/>\nObjet : Enregistre un identifiant particulier utilis\u00e9 pour obtenir des donn\u00e9es sur l&rsquo;utilisation du site Web par l&rsquo;utilisateur<br \/>\nProvider : .prodectools.com<br \/>\nService : Google Analytics View Service Privacy Policy<br \/>\nType : http_cookie<br \/>\nExpires in : 34559999<\/p>\n<p>&nbsp;<\/p>\n<p>Nom : _ga_#<br \/>\nObjet : Utilis\u00e9 pour distinguer les utilisateurs individuels au moyen de la d\u00e9signation d&rsquo;un num\u00e9ro g\u00e9n\u00e9r\u00e9 de mani\u00e8re al\u00e9atoire comme identifiant de client, ce qui permet de calculer les visites et les sessions<br \/>\nFournisseur : .prodectools.com<br \/>\nService : Google Analytics Voir la politique de confidentialit\u00e9 du service<br \/>\nType : http_cookie<br \/>\nExpire dans : 34560001<br \/>\nCookies non classifi\u00e9s :<\/p>\n<p>Il s&rsquo;agit de cookies qui n&rsquo;ont pas encore \u00e9t\u00e9 class\u00e9s. Nous sommes en train de classer ces cookies avec l&rsquo;aide de leurs fournisseurs. <\/p>\n<p>Nom : wp-wpml_current_language<br \/>\nFournisseur : prodectools.com<br \/>\nType : http_cookie<br \/>\nExpires in : session<\/p>\n<p>&nbsp;<\/p>\n<p>Nom : prodec_geo_redirected<br \/>\nFournisseur : prodectools.com<br \/>\nType : server_cookie<br \/>\nExpires in : 7776000<\/p>\n<p><strong>Comment puis-je contr\u00f4ler les cookies dans mon navigateur ?<\/strong><br \/>\nComme les moyens de refuser les cookies par le biais des commandes de votre navigateur web varient d&rsquo;un navigateur \u00e0 l&rsquo;autre, vous devriez consulter le menu d&rsquo;aide de votre navigateur pour plus d&rsquo;informations. Vous trouverez ci-dessous des informations sur la mani\u00e8re de g\u00e9rer les cookies dans les navigateurs les plus courants :<br \/>\nChrome<br \/>\nInternet Explorer<br \/>\nFirefox<br \/>\nSafari<br \/>\nEdge<br \/>\nOpera <\/p>\n<p>En outre, la plupart des r\u00e9seaux publicitaires vous offrent la possibilit\u00e9 de refuser la publicit\u00e9 cibl\u00e9e. Si vous souhaitez obtenir de plus amples informations, veuillez consulter le site suivant :<br \/>\nDigital Advertising Alliance<br \/>\nDigital Advertising Alliance of Canada<br \/>\nEuropean Interactive Digital Advertising Alliance <\/p>\n<p><strong>Qu&rsquo;en est-il des autres technologies de suivi, comme les balises web ?<\/strong><br \/>\nLes cookies ne sont pas le seul moyen de reconna\u00eetre ou de suivre les visiteurs d&rsquo;un site web. Nous pouvons utiliser d&rsquo;autres technologies similaires de temps \u00e0 autre, comme les balises web (parfois appel\u00e9es \u00ab\u00a0pixels de suivi\u00a0\u00bb ou \u00ab\u00a0pixels invisibles\u00a0\u00bb). Il s&rsquo;agit de minuscules fichiers graphiques contenant un identifiant unique qui nous permet de savoir si quelqu&rsquo;un a visit\u00e9 notre site web ou ouvert un courrier \u00e9lectronique les contenant. Cela nous permet, par exemple, de suivre les sch\u00e9mas de trafic des utilisateurs d&rsquo;une page \u00e0 l&rsquo;autre d&rsquo;un site web, de d\u00e9livrer des cookies ou de communiquer avec eux, de comprendre si vous \u00eates arriv\u00e9 sur le site web \u00e0 partir d&rsquo;une publicit\u00e9 en ligne affich\u00e9e sur le site web d&rsquo;un tiers, d&rsquo;am\u00e9liorer les performances du site et de mesurer le succ\u00e8s des campagnes de marketing par courrier \u00e9lectronique. Dans de nombreux cas, ces technologies d\u00e9pendent des cookies pour fonctionner correctement, de sorte que le refus des cookies entravera leur fonctionnement.    <\/p>\n<p><strong>Utilisez-vous des cookies Flash ou des objets locaux partag\u00e9s ?<\/strong><br \/>\nLes sites web peuvent \u00e9galement utiliser des \u00ab\u00a0Flash Cookies\u00a0\u00bb (\u00e9galement connus sous le nom de Local Shared Objects ou \u00ab\u00a0LSO\u00a0\u00bb) pour, entre autres, collecter et stocker des informations sur votre utilisation de nos services, pr\u00e9venir les fraudes et assurer d&rsquo;autres op\u00e9rations sur le site.<\/p>\n<p>Si vous ne souhaitez pas que des cookies Flash soient stock\u00e9s sur votre ordinateur, vous pouvez ajuster les param\u00e8tres de votre lecteur Flash afin de bloquer le stockage des cookies Flash \u00e0 l&rsquo;aide des outils contenus dans le panneau des param\u00e8tres de stockage du site web. Vous pouvez \u00e9galement contr\u00f4ler les cookies Flash en vous rendant dans le panneau des param\u00e8tres de stockage global et en suivant les instructions (qui peuvent comprendre des instructions expliquant, par exemple, comment supprimer les cookies Flash existants (appel\u00e9s \u00ab\u00a0informations\u00a0\u00bb sur le site de Macromedia), comment emp\u00eacher les LSO Flash d&rsquo;\u00eatre plac\u00e9s sur votre ordinateur sans que vous le demandiez et (pour Flash Player 8 et les versions ult\u00e9rieures) comment bloquer les cookies Flash qui ne sont pas d\u00e9livr\u00e9s par l&rsquo;op\u00e9rateur de la page sur laquelle vous vous trouvez \u00e0 ce moment-l\u00e0). <\/p>\n<p>Veuillez noter que le fait de param\u00e9trer Flash Player pour restreindre ou limiter l&rsquo;acceptation des cookies Flash peut r\u00e9duire ou entraver la fonctionnalit\u00e9 de certaines applications Flash, y compris, potentiellement, les applications Flash utilis\u00e9es en relation avec nos services ou notre contenu en ligne.<\/p>\n<p><strong>Faites-vous de la publicit\u00e9 cibl\u00e9e ?<\/strong><br \/>\nDes tiers peuvent placer des cookies sur votre ordinateur ou votre appareil mobile pour diffuser de la publicit\u00e9 sur notre site web. Ces soci\u00e9t\u00e9s peuvent utiliser les informations relatives \u00e0 vos visites sur ce site et sur d&rsquo;autres sites web afin de vous proposer des publicit\u00e9s pertinentes sur des biens et des services susceptibles de vous int\u00e9resser. Elles peuvent \u00e9galement utiliser une technologie permettant de mesurer l&rsquo;efficacit\u00e9 des publicit\u00e9s. Pour ce faire, ils peuvent utiliser des cookies ou des balises web pour collecter des informations sur vos visites sur ce site et d&rsquo;autres sites afin de vous proposer des publicit\u00e9s pertinentes sur des biens et des services susceptibles de vous int\u00e9resser. Les informations collect\u00e9es par ce biais ne nous permettent pas, ni \u00e0 eux, d&rsquo;identifier votre nom, vos coordonn\u00e9es ou d&rsquo;autres d\u00e9tails qui vous identifient directement, \u00e0 moins que vous ne choisissiez de les fournir.    <\/p>\n<p><strong>\u00c0 quelle fr\u00e9quence mettrez-vous \u00e0 jour cette politique en mati\u00e8re de cookies ?<\/strong><br \/>\nNous pouvons mettre \u00e0 jour la pr\u00e9sente politique en mati\u00e8re de cookies de temps \u00e0 autre afin de refl\u00e9ter, par exemple, les changements apport\u00e9s aux cookies que nous utilisons ou pour d&rsquo;autres raisons op\u00e9rationnelles, juridiques ou r\u00e9glementaires. Nous vous invitons donc \u00e0 consulter r\u00e9guli\u00e8rement la pr\u00e9sente politique en mati\u00e8re de cookies afin de rester inform\u00e9 de notre utilisation des cookies et des technologies connexes. <\/p>\n<p>La date figurant en haut de la pr\u00e9sente politique en mati\u00e8re de cookies indique la date de sa derni\u00e8re mise \u00e0 jour.<\/p>\n<p><strong>O\u00f9 puis-je obtenir de plus amples informations ?<\/strong><br \/>\nSi vous avez des questions sur notre utilisation des cookies ou d&rsquo;autres technologies, veuillez nous envoyer un courrier \u00e9lectronique \u00e0 l&rsquo;adresse claire.unwin@rodo.co.uk ou un courrier postal \u00e0 l&rsquo;adresse suivante :<\/p>\n<p>Rodo Ltd<br \/>\nLumb Lane<br \/>\nDroylsden, England M43 7BU<br \/>\nUnited Kingdom<\/p>\n<p>T\u00e9l\u00e9phone : (+44)161 371 6400<br \/>\nFax : (+44)161 371 6401<\/p>\n","protected":false},"excerpt":{"rendered":"<p>POLITIQUE EN MATI\u00c8RE DE COOKIES Derni\u00e8re mise \u00e0 jour le 08 avril 2026 Cette politique en mati\u00e8re de cookies explique comment Rodo Ltd (\u00ab\u00a0Soci\u00e9t\u00e9\u00a0\u00bb, \u00ab\u00a0nous\u00a0\u00bb, \u00ab\u00a0notre\u00a0\u00bb et \u00ab\u00a0nos\u00a0\u00bb) utilise des cookies et des technologies similaires pour vous reconna\u00eetre lorsque vous visitez notre site Internet \u00e0 l&rsquo;adresse https:\/\/prodectools.com (\u00ab\u00a0Site Internet\u00a0\u00bb). Elle explique ce que sont ces [&hellip;]<\/p>\n","protected":false},"author":3,"featured_media":0,"parent":0,"menu_order":0,"comment_status":"closed","ping_status":"closed","template":"","meta":{"footnotes":""},"class_list":["post-524","page","type-page","status-publish","hentry"],"acf":[],"yoast_head":"<!-- This site is optimized with the Yoast SEO Premium plugin v27.3 (Yoast SEO v27.3) - https:\/\/yoast.com\/product\/yoast-seo-premium-wordpress\/ -->\n<title>Politique en mati\u00e8re de cookies - Prodec Canada<\/title>\n<meta name=\"robots\" content=\"index, follow, max-snippet:-1, max-image-preview:large, max-video-preview:-1\" \/>\n<link rel=\"canonical\" href=\"https:\/\/prodectools.com\/ca\/fr\/cookie-policy\/\" \/>\n<meta property=\"og:locale\" content=\"fr_FR\" \/>\n<meta property=\"og:type\" content=\"article\" \/>\n<meta property=\"og:title\" content=\"Politique en mati\u00e8re de cookies\" \/>\n<meta property=\"og:description\" content=\"POLITIQUE EN MATI\u00c8RE DE COOKIES Derni\u00e8re mise \u00e0 jour le 08 avril 2026 Cette politique en mati\u00e8re de cookies explique comment Rodo Ltd (\u00ab\u00a0Soci\u00e9t\u00e9\u00a0\u00bb, \u00ab\u00a0nous\u00a0\u00bb, \u00ab\u00a0notre\u00a0\u00bb et \u00ab\u00a0nos\u00a0\u00bb) utilise des cookies et des technologies similaires pour vous reconna\u00eetre lorsque vous visitez notre site Internet \u00e0 l&rsquo;adresse https:\/\/prodectools.com (\u00ab\u00a0Site Internet\u00a0\u00bb). Elle explique ce que sont ces [&hellip;]\" \/>\n<meta property=\"og:url\" content=\"https:\/\/prodectools.com\/ca\/fr\/cookie-policy\/\" \/>\n<meta property=\"og:site_name\" content=\"Prodec Canada\" \/>\n<meta property=\"article:modified_time\" content=\"2026-04-14T09:09:28+00:00\" \/>\n<meta name=\"twitter:card\" content=\"summary_large_image\" \/>\n<meta name=\"twitter:label1\" content=\"Dur\u00e9e de lecture estim\u00e9e\" \/>\n\t<meta name=\"twitter:data1\" content=\"3 minutes\" \/>\n<script type=\"application\/ld+json\" class=\"yoast-schema-graph\">{\"@context\":\"https:\\\/\\\/schema.org\",\"@graph\":[{\"@type\":\"WebPage\",\"@id\":\"https:\\\/\\\/prodectools.com\\\/ca\\\/fr\\\/cookie-policy\\\/\",\"url\":\"https:\\\/\\\/prodectools.com\\\/ca\\\/fr\\\/cookie-policy\\\/\",\"name\":\"Politique en mati\u00e8re de cookies - Prodec Canada\",\"isPartOf\":{\"@id\":\"https:\\\/\\\/prodectools.com\\\/ca\\\/#website\"},\"datePublished\":\"2025-11-06T10:36:02+00:00\",\"dateModified\":\"2026-04-14T09:09:28+00:00\",\"breadcrumb\":{\"@id\":\"https:\\\/\\\/prodectools.com\\\/ca\\\/fr\\\/cookie-policy\\\/#breadcrumb\"},\"inLanguage\":\"fr-FR\",\"potentialAction\":[{\"@type\":\"ReadAction\",\"target\":[\"https:\\\/\\\/prodectools.com\\\/ca\\\/fr\\\/cookie-policy\\\/\"]}]},{\"@type\":\"BreadcrumbList\",\"@id\":\"https:\\\/\\\/prodectools.com\\\/ca\\\/fr\\\/cookie-policy\\\/#breadcrumb\",\"itemListElement\":[{\"@type\":\"ListItem\",\"position\":1,\"name\":\"Home\",\"item\":\"https:\\\/\\\/prodectools.com\\\/ca\\\/fr\\\/\"},{\"@type\":\"ListItem\",\"position\":2,\"name\":\"Politique en mati\u00e8re de cookies\"}]},{\"@type\":\"WebSite\",\"@id\":\"https:\\\/\\\/prodectools.com\\\/ca\\\/#website\",\"url\":\"https:\\\/\\\/prodectools.com\\\/ca\\\/\",\"name\":\"Prodec Canada\",\"description\":\"\",\"potentialAction\":[{\"@type\":\"SearchAction\",\"target\":{\"@type\":\"EntryPoint\",\"urlTemplate\":\"https:\\\/\\\/prodectools.com\\\/ca\\\/?s={search_term_string}\"},\"query-input\":{\"@type\":\"PropertyValueSpecification\",\"valueRequired\":true,\"valueName\":\"search_term_string\"}}],\"inLanguage\":\"fr-FR\"}]}<\/script>\n<!-- \/ Yoast SEO Premium plugin. -->","yoast_head_json":{"title":"Politique en mati\u00e8re de cookies - Prodec Canada","robots":{"index":"index","follow":"follow","max-snippet":"max-snippet:-1","max-image-preview":"max-image-preview:large","max-video-preview":"max-video-preview:-1"},"canonical":"https:\/\/prodectools.com\/ca\/fr\/cookie-policy\/","og_locale":"fr_FR","og_type":"article","og_title":"Politique en mati\u00e8re de cookies","og_description":"POLITIQUE EN MATI\u00c8RE DE COOKIES Derni\u00e8re mise \u00e0 jour le 08 avril 2026 Cette politique en mati\u00e8re de cookies explique comment Rodo Ltd (\u00ab\u00a0Soci\u00e9t\u00e9\u00a0\u00bb, \u00ab\u00a0nous\u00a0\u00bb, \u00ab\u00a0notre\u00a0\u00bb et \u00ab\u00a0nos\u00a0\u00bb) utilise des cookies et des technologies similaires pour vous reconna\u00eetre lorsque vous visitez notre site Internet \u00e0 l&rsquo;adresse https:\/\/prodectools.com (\u00ab\u00a0Site Internet\u00a0\u00bb). Elle explique ce que sont ces [&hellip;]","og_url":"https:\/\/prodectools.com\/ca\/fr\/cookie-policy\/","og_site_name":"Prodec Canada","article_modified_time":"2026-04-14T09:09:28+00:00","twitter_card":"summary_large_image","twitter_misc":{"Dur\u00e9e de lecture estim\u00e9e":"3 minutes"},"schema":{"@context":"https:\/\/schema.org","@graph":[{"@type":"WebPage","@id":"https:\/\/prodectools.com\/ca\/fr\/cookie-policy\/","url":"https:\/\/prodectools.com\/ca\/fr\/cookie-policy\/","name":"Politique en mati\u00e8re de cookies - Prodec Canada","isPartOf":{"@id":"https:\/\/prodectools.com\/ca\/#website"},"datePublished":"2025-11-06T10:36:02+00:00","dateModified":"2026-04-14T09:09:28+00:00","breadcrumb":{"@id":"https:\/\/prodectools.com\/ca\/fr\/cookie-policy\/#breadcrumb"},"inLanguage":"fr-FR","potentialAction":[{"@type":"ReadAction","target":["https:\/\/prodectools.com\/ca\/fr\/cookie-policy\/"]}]},{"@type":"BreadcrumbList","@id":"https:\/\/prodectools.com\/ca\/fr\/cookie-policy\/#breadcrumb","itemListElement":[{"@type":"ListItem","position":1,"name":"Home","item":"https:\/\/prodectools.com\/ca\/fr\/"},{"@type":"ListItem","position":2,"name":"Politique en mati\u00e8re de cookies"}]},{"@type":"WebSite","@id":"https:\/\/prodectools.com\/ca\/#website","url":"https:\/\/prodectools.com\/ca\/","name":"Prodec Canada","description":"","potentialAction":[{"@type":"SearchAction","target":{"@type":"EntryPoint","urlTemplate":"https:\/\/prodectools.com\/ca\/?s={search_term_string}"},"query-input":{"@type":"PropertyValueSpecification","valueRequired":true,"valueName":"search_term_string"}}],"inLanguage":"fr-FR"}]}},"_links":{"self":[{"href":"https:\/\/prodectools.com\/ca\/fr\/wp-json\/wp\/v2\/pages\/524","targetHints":{"allow":["GET"]}}],"collection":[{"href":"https:\/\/prodectools.com\/ca\/fr\/wp-json\/wp\/v2\/pages"}],"about":[{"href":"https:\/\/prodectools.com\/ca\/fr\/wp-json\/wp\/v2\/types\/page"}],"author":[{"embeddable":true,"href":"https:\/\/prodectools.com\/ca\/fr\/wp-json\/wp\/v2\/users\/3"}],"replies":[{"embeddable":true,"href":"https:\/\/prodectools.com\/ca\/fr\/wp-json\/wp\/v2\/comments?post=524"}],"version-history":[{"count":5,"href":"https:\/\/prodectools.com\/ca\/fr\/wp-json\/wp\/v2\/pages\/524\/revisions"}],"predecessor-version":[{"id":669,"href":"https:\/\/prodectools.com\/ca\/fr\/wp-json\/wp\/v2\/pages\/524\/revisions\/669"}],"wp:attachment":[{"href":"https:\/\/prodectools.com\/ca\/fr\/wp-json\/wp\/v2\/media?parent=524"}],"curies":[{"name":"wp","href":"https:\/\/api.w.org\/{rel}","templated":true}]}}