{"id":520,"date":"2025-11-06T10:42:54","date_gmt":"2025-11-06T10:42:54","guid":{"rendered":"https:\/\/prodectools.com\/ca\/modern-slavery-human-trafficking-statement-2025-26\/"},"modified":"2026-03-30T19:46:01","modified_gmt":"2026-03-30T19:46:01","slug":"modern-slavery-human-trafficking-statement-2025-26","status":"publish","type":"page","link":"https:\/\/prodectools.com\/ca\/fr\/modern-slavery-human-trafficking-statement-2025-26\/","title":{"rendered":"D\u00e9claration sur l\u2019esclavage moderne et la traite des \u00eatres humains 2025\/26"},"content":{"rendered":"<h2>D\u00e9claration sur l&rsquo;esclavage moderne 2025\/26<\/h2>\n<p><strong>Date d&rsquo;entr\u00e9e en vigueur : 1er novembre 2025<\/strong><\/p>\n<p>Cette d\u00e9claration est faite conform\u00e9ment \u00e0 la section 54 de la Loi sur l&rsquo;esclavage moderne du Royaume-Uni de 2015 et expose les mesures que Rodo Limited a prises pour s&rsquo;assurer que l&rsquo;esclavage et la traite des personnes ne se produisent pas dans nos cha\u00eenes d&rsquo;approvisionnement ou dans toute partie de notre entreprise.<\/p>\n<h3>Notre entreprise et nos cha\u00eenes d&rsquo;approvisionnement<\/h3>\n<p>Rodo Limited est une entreprise familiale bas\u00e9e \u00e0 Manchester, au Royaume-Uni, sp\u00e9cialis\u00e9e dans la fabrication et la distribution d&rsquo;outils de peinture et de d\u00e9coration professionnels sous la marque ProDec.<\/p>\n<p>Nous travaillons avec des fournisseurs au Royaume-Uni et \u00e0 l&rsquo;international pour fabriquer et distribuer nos produits.<\/p>\n<h3>Notre engagement<\/h3>\n<p>Nous nous engageons \u00e0 :<br \/>\n&#8211; Maintenir et am\u00e9liorer les syst\u00e8mes et contr\u00f4les pour nous assurer que l&rsquo;esclavage moderne et la traite des personnes ne se produisent pas dans nos cha\u00eenes d&rsquo;approvisionnement<br \/>\n&#8211; Nous assurer que nos employ\u00e9s sont conscients des risques li\u00e9s \u00e0 l&rsquo;esclavage moderne<br \/>\n&#8211; Faire preuve de diligence raisonnable envers les nouveaux fournisseurs et examiner r\u00e9guli\u00e8rement les fournisseurs existants<\/p>\n<h3>\u00c9valuation des risques et diligence raisonnable<\/h3>\n<p>Nous effectuons une diligence raisonnable sur nos fournisseurs, notamment :<br \/>\n&#8211; \u00c9valuation des pratiques commerciales des fournisseurs<br \/>\n&#8211; Exigence que les fournisseurs respectent notre code de conduite<br \/>\n&#8211; Audits et inspections r\u00e9guliers des installations des fournisseurs<\/p>\n<h3>Formation et sensibilisation<\/h3>\n<p>Nous formons nos employ\u00e9s sur les risques li\u00e9s \u00e0 l&rsquo;esclavage moderne et sur la fa\u00e7on d&rsquo;identifier et de signaler les pr\u00e9occupations potentielles.<\/p>\n<h3>Signalement des pr\u00e9occupations<\/h3>\n<p>Nous encourageons tous nos employ\u00e9s, fournisseurs et partenaires commerciaux \u00e0 signaler toute pr\u00e9occupation li\u00e9e \u00e0 l&rsquo;esclavage moderne ou \u00e0 la traite des personnes.<\/p>\n<p>Cette d\u00e9claration a \u00e9t\u00e9 approuv\u00e9e par le conseil d&rsquo;administration de Rodo Limited.<\/p>\n<p><a href=\"https:\/\/www.google.com\/maps\/search\/?api=1&amp;query=Lumb Lane, Droylsden, Greater Manchester, M43 7BU, UK\" target=\"_blank\" rel=\"noopener\">Rodo Limited, Lumb Lane, Droylsden, Greater Manchester, M43 7BU, UK<\/a><\/p>\n","protected":false},"excerpt":{"rendered":"<p>D\u00e9claration sur l&rsquo;esclavage moderne 2025\/26 Date d&rsquo;entr\u00e9e en vigueur : 1er novembre 2025 Cette d\u00e9claration est faite conform\u00e9ment \u00e0 la section 54 de la Loi sur l&rsquo;esclavage moderne du Royaume-Uni de 2015 et expose les mesures que Rodo Limited a prises pour s&rsquo;assurer que l&rsquo;esclavage et la traite des personnes ne se produisent pas dans [&hellip;]<\/p>\n","protected":false},"author":3,"featured_media":0,"parent":0,"menu_order":0,"comment_status":"closed","ping_status":"closed","template":"","meta":{"footnotes":""},"class_list":["post-520","page","type-page","status-publish","hentry"],"acf":[],"yoast_head":"<!-- This site is optimized with the Yoast SEO Premium plugin v27.3 (Yoast SEO v27.3) - https:\/\/yoast.com\/product\/yoast-seo-premium-wordpress\/ -->\n<title>D\u00e9claration sur l\u2019esclavage moderne et la traite des \u00eatres humains 2025\/26 - Prodec Canada<\/title>\n<meta name=\"robots\" content=\"index, follow, max-snippet:-1, max-image-preview:large, max-video-preview:-1\" \/>\n<link rel=\"canonical\" href=\"https:\/\/prodectools.com\/ca\/fr\/modern-slavery-human-trafficking-statement-2025-26\/\" \/>\n<meta property=\"og:locale\" content=\"fr_FR\" \/>\n<meta property=\"og:type\" content=\"article\" \/>\n<meta property=\"og:title\" content=\"D\u00e9claration sur l\u2019esclavage moderne et la traite des \u00eatres humains 2025\/26\" \/>\n<meta property=\"og:description\" content=\"D\u00e9claration sur l&rsquo;esclavage moderne 2025\/26 Date d&rsquo;entr\u00e9e en vigueur : 1er novembre 2025 Cette d\u00e9claration est faite conform\u00e9ment \u00e0 la section 54 de la Loi sur l&rsquo;esclavage moderne du Royaume-Uni de 2015 et expose les mesures que Rodo Limited a prises pour s&rsquo;assurer que l&rsquo;esclavage et la traite des personnes ne se produisent pas dans [&hellip;]\" \/>\n<meta property=\"og:url\" content=\"https:\/\/prodectools.com\/ca\/fr\/modern-slavery-human-trafficking-statement-2025-26\/\" \/>\n<meta property=\"og:site_name\" content=\"Prodec Canada\" \/>\n<meta property=\"article:modified_time\" content=\"2026-03-30T19:46:01+00:00\" \/>\n<meta name=\"twitter:card\" content=\"summary_large_image\" \/>\n<meta name=\"twitter:label1\" content=\"Dur\u00e9e de lecture estim\u00e9e\" \/>\n\t<meta name=\"twitter:data1\" content=\"2 minutes\" \/>\n<script type=\"application\/ld+json\" class=\"yoast-schema-graph\">{\"@context\":\"https:\\\/\\\/schema.org\",\"@graph\":[{\"@type\":\"WebPage\",\"@id\":\"https:\\\/\\\/prodectools.com\\\/ca\\\/fr\\\/modern-slavery-human-trafficking-statement-2025-26\\\/\",\"url\":\"https:\\\/\\\/prodectools.com\\\/ca\\\/fr\\\/modern-slavery-human-trafficking-statement-2025-26\\\/\",\"name\":\"D\u00e9claration sur l\u2019esclavage moderne et la traite des \u00eatres humains 2025\\\/26 - Prodec Canada\",\"isPartOf\":{\"@id\":\"https:\\\/\\\/prodectools.com\\\/ca\\\/#website\"},\"datePublished\":\"2025-11-06T10:42:54+00:00\",\"dateModified\":\"2026-03-30T19:46:01+00:00\",\"breadcrumb\":{\"@id\":\"https:\\\/\\\/prodectools.com\\\/ca\\\/fr\\\/modern-slavery-human-trafficking-statement-2025-26\\\/#breadcrumb\"},\"inLanguage\":\"fr-FR\",\"potentialAction\":[{\"@type\":\"ReadAction\",\"target\":[\"https:\\\/\\\/prodectools.com\\\/ca\\\/fr\\\/modern-slavery-human-trafficking-statement-2025-26\\\/\"]}]},{\"@type\":\"BreadcrumbList\",\"@id\":\"https:\\\/\\\/prodectools.com\\\/ca\\\/fr\\\/modern-slavery-human-trafficking-statement-2025-26\\\/#breadcrumb\",\"itemListElement\":[{\"@type\":\"ListItem\",\"position\":1,\"name\":\"Home\",\"item\":\"https:\\\/\\\/prodectools.com\\\/ca\\\/fr\\\/\"},{\"@type\":\"ListItem\",\"position\":2,\"name\":\"D\u00e9claration sur l\u2019esclavage moderne et la traite des \u00eatres humains 2025\\\/26\"}]},{\"@type\":\"WebSite\",\"@id\":\"https:\\\/\\\/prodectools.com\\\/ca\\\/#website\",\"url\":\"https:\\\/\\\/prodectools.com\\\/ca\\\/\",\"name\":\"Prodec Canada\",\"description\":\"\",\"potentialAction\":[{\"@type\":\"SearchAction\",\"target\":{\"@type\":\"EntryPoint\",\"urlTemplate\":\"https:\\\/\\\/prodectools.com\\\/ca\\\/?s={search_term_string}\"},\"query-input\":{\"@type\":\"PropertyValueSpecification\",\"valueRequired\":true,\"valueName\":\"search_term_string\"}}],\"inLanguage\":\"fr-FR\"}]}<\/script>\n<!-- \/ Yoast SEO Premium plugin. -->","yoast_head_json":{"title":"D\u00e9claration sur l\u2019esclavage moderne et la traite des \u00eatres humains 2025\/26 - Prodec Canada","robots":{"index":"index","follow":"follow","max-snippet":"max-snippet:-1","max-image-preview":"max-image-preview:large","max-video-preview":"max-video-preview:-1"},"canonical":"https:\/\/prodectools.com\/ca\/fr\/modern-slavery-human-trafficking-statement-2025-26\/","og_locale":"fr_FR","og_type":"article","og_title":"D\u00e9claration sur l\u2019esclavage moderne et la traite des \u00eatres humains 2025\/26","og_description":"D\u00e9claration sur l&rsquo;esclavage moderne 2025\/26 Date d&rsquo;entr\u00e9e en vigueur : 1er novembre 2025 Cette d\u00e9claration est faite conform\u00e9ment \u00e0 la section 54 de la Loi sur l&rsquo;esclavage moderne du Royaume-Uni de 2015 et expose les mesures que Rodo Limited a prises pour s&rsquo;assurer que l&rsquo;esclavage et la traite des personnes ne se produisent pas dans [&hellip;]","og_url":"https:\/\/prodectools.com\/ca\/fr\/modern-slavery-human-trafficking-statement-2025-26\/","og_site_name":"Prodec Canada","article_modified_time":"2026-03-30T19:46:01+00:00","twitter_card":"summary_large_image","twitter_misc":{"Dur\u00e9e de lecture estim\u00e9e":"2 minutes"},"schema":{"@context":"https:\/\/schema.org","@graph":[{"@type":"WebPage","@id":"https:\/\/prodectools.com\/ca\/fr\/modern-slavery-human-trafficking-statement-2025-26\/","url":"https:\/\/prodectools.com\/ca\/fr\/modern-slavery-human-trafficking-statement-2025-26\/","name":"D\u00e9claration sur l\u2019esclavage moderne et la traite des \u00eatres humains 2025\/26 - Prodec Canada","isPartOf":{"@id":"https:\/\/prodectools.com\/ca\/#website"},"datePublished":"2025-11-06T10:42:54+00:00","dateModified":"2026-03-30T19:46:01+00:00","breadcrumb":{"@id":"https:\/\/prodectools.com\/ca\/fr\/modern-slavery-human-trafficking-statement-2025-26\/#breadcrumb"},"inLanguage":"fr-FR","potentialAction":[{"@type":"ReadAction","target":["https:\/\/prodectools.com\/ca\/fr\/modern-slavery-human-trafficking-statement-2025-26\/"]}]},{"@type":"BreadcrumbList","@id":"https:\/\/prodectools.com\/ca\/fr\/modern-slavery-human-trafficking-statement-2025-26\/#breadcrumb","itemListElement":[{"@type":"ListItem","position":1,"name":"Home","item":"https:\/\/prodectools.com\/ca\/fr\/"},{"@type":"ListItem","position":2,"name":"D\u00e9claration sur l\u2019esclavage moderne et la traite des \u00eatres humains 2025\/26"}]},{"@type":"WebSite","@id":"https:\/\/prodectools.com\/ca\/#website","url":"https:\/\/prodectools.com\/ca\/","name":"Prodec Canada","description":"","potentialAction":[{"@type":"SearchAction","target":{"@type":"EntryPoint","urlTemplate":"https:\/\/prodectools.com\/ca\/?s={search_term_string}"},"query-input":{"@type":"PropertyValueSpecification","valueRequired":true,"valueName":"search_term_string"}}],"inLanguage":"fr-FR"}]}},"_links":{"self":[{"href":"https:\/\/prodectools.com\/ca\/fr\/wp-json\/wp\/v2\/pages\/520","targetHints":{"allow":["GET"]}}],"collection":[{"href":"https:\/\/prodectools.com\/ca\/fr\/wp-json\/wp\/v2\/pages"}],"about":[{"href":"https:\/\/prodectools.com\/ca\/fr\/wp-json\/wp\/v2\/types\/page"}],"author":[{"embeddable":true,"href":"https:\/\/prodectools.com\/ca\/fr\/wp-json\/wp\/v2\/users\/3"}],"replies":[{"embeddable":true,"href":"https:\/\/prodectools.com\/ca\/fr\/wp-json\/wp\/v2\/comments?post=520"}],"version-history":[{"count":1,"href":"https:\/\/prodectools.com\/ca\/fr\/wp-json\/wp\/v2\/pages\/520\/revisions"}],"predecessor-version":[{"id":643,"href":"https:\/\/prodectools.com\/ca\/fr\/wp-json\/wp\/v2\/pages\/520\/revisions\/643"}],"wp:attachment":[{"href":"https:\/\/prodectools.com\/ca\/fr\/wp-json\/wp\/v2\/media?parent=520"}],"curies":[{"name":"wp","href":"https:\/\/api.w.org\/{rel}","templated":true}]}}